{"id":3878,"date":"2020-07-14T10:45:22","date_gmt":"2020-07-14T08:45:22","guid":{"rendered":"https:\/\/eriadevalles.es\/?post_type=product&#038;p=3878"},"modified":"2025-03-28T12:30:26","modified_gmt":"2025-03-28T11:30:26","slug":"miel-deucalyptus","status":"publish","type":"product","link":"https:\/\/eriadevalles.es\/fr\/producto\/miel-deucalyptus\/","title":{"rendered":"Miel d\u2019eucalyptus"},"content":{"rendered":"<div class=\"wpb-content-wrapper\">[vc_section][vc_row type=\u00a0\u00bbboxed\u00a0\u00bb content_placement=\u00a0\u00bbtop\u00a0\u00bb css=\u00a0\u00bb.vc_custom_1596214945921{border-top-width: 1px !important;border-top-color: #eeeeee !important;border-top-style: solid !important;}\u00a0\u00bb][vc_column][vc_empty_space][vc_single_image image=\u00a0\u00bb1660&Prime; img_size=\u00a0\u00bbfull\u00a0\u00bb alignment=\u00a0\u00bbcenter\u00a0\u00bb][vc_empty_space height=\u00a0\u00bb10px\u00a0\u00bb][vc_column_text el_class=\u00a0\u00bbpiefoto\u00a0\u00bb]Nos abeilles profitent de la floraison d&rsquo;eucalyptus pour produire un miel d&rsquo;eucalyptus tr\u00e8s appr\u00e9ci\u00e9[\/vc_column_text][vc_empty_space][vc_custom_heading text=\u00a0\u00bbMiel d\u2019eucalyptus\u00a0\u00bb font_container=\u00a0\u00bbtag:h3|text_align:left\u00a0\u00bb use_theme_fonts=\u00a0\u00bbyes\u00a0\u00bb][vc_empty_space height=\u00a0\u00bb15px\u00a0\u00bb][vc_column_text]Miel naturel dont la composition principale provient du nectar des fleurs de l\u2019eucalyptus (Eucalyptus Globulus), la vari\u00e9t\u00e9 mellif\u00e8re de cette esp\u00e8ce que l\u2019on trouve dans les Asturies. Il est produit entre le centre et la c\u00f4te des Asturies, dans les environs de la Reserva Natural Parcial de la R\u00eda de Villaviciosa, une belle zone naturelle.<\/p>\n<p>Ce miel pur et naturel est le plus clair de nos miel et aussi le plus doux, bien qu\u2019il soit intense et persistant, et le premier \u00e0 \u00eatre r\u00e9colt\u00e9 au cours de l\u2019ann\u00e9e. Miel r\u00e9colt\u00e9 au printemps.<\/p>\n[\/vc_column_text][vc_empty_space][\/vc_column][\/vc_row][\/vc_section][vc_section][vc_row type=\u00a0\u00bbboxed\u00a0\u00bb equal_height=\u00a0\u00bbyes\u00a0\u00bb][vc_column width=\u00a0\u00bb1\/2&Prime;][vc_row_inner content_placement=\u00a0\u00bbmiddle\u00a0\u00bb css=\u00a0\u00bb.vc_custom_1596568901403{margin-right: 5px !important;margin-left: 5px !important;padding-top: 6px !important;padding-right: 2% !important;padding-bottom: 6px !important;padding-left: 2% !important;background-color: #ffd923 !important;}\u00a0\u00bb][vc_column_inner]\r\n\t\t\t<div class=\"nm-feature layout-icon_left icon-style-simple bottom-spacing-none\"><div class=\"nm-feature-icon\"><i class=\"pe-7s-cup\" style=\"color: #483627;\"><\/i><\/div>\r\n\t\t\t\t<div class=\"nm-feature-content\">\r\n\t\t\t\t\t<div class=\"wpb_text_column\"><\/div>\r\n\t\t\t\t<\/div>\r\n\t\t\t<\/div>[\/vc_column_inner][\/vc_row_inner][vc_empty_space][vc_row_inner content_placement=\u00a0\u00bbmiddle\u00a0\u00bb css=\u00a0\u00bb.vc_custom_1596568901403{margin-right: 5px !important;margin-left: 5px !important;padding-top: 6px !important;padding-right: 2% !important;padding-bottom: 6px !important;padding-left: 2% !important;background-color: #ffd923 !important;}\u00a0\u00bb][vc_column_inner]\r\n\t\t\t<div class=\"nm-feature layout-icon_left icon-style-simple bottom-spacing-none\"><div class=\"nm-feature-icon\"><i class=\"pe-7s-cup\" style=\"color: #483627;\"><\/i><\/div>\r\n\t\t\t\t<div class=\"nm-feature-content\">\r\n\t\t\t\t\t<div class=\"wpb_text_column\"><\/div>\r\n\t\t\t\t<\/div>\r\n\t\t\t<\/div>[\/vc_column_inner][\/vc_row_inner][vc_empty_space][vc_column_text css=\u00a0\u00bb.vc_custom_1743073001089{padding-right: 5% !important;}\u00a0\u00bb]<span style=\"color: #a3a3a3; font-weight: 200;\"><em>Le miel d&rsquo;eucalyptus poss\u00e8de des propri\u00e9t\u00e9s antioxydantes, antimicrobiennes, antiseptiques et anti-inflammatoires. C&rsquo;est un miel particuli\u00e8rement indiqu\u00e9 pour aider \u00e0 soulager les affections des voies respiratoires.<\/em><\/span>[\/vc_column_text][vc_empty_space][vc_column_text]<span style=\"color: #dc9814;\">COULEUR<br \/>\n<\/span>Ambre clair &#8211; ambre [\/vc_column_text][vc_separator el_class=\u00a0\u00bblinesproduct\u00a0\u00bb][vc_column_text]<span style=\"color: #dc9814;\">AR\u00d4ME<br \/>\n<\/span>Fra\u00eecheur florale, intense et persistant [\/vc_column_text][vc_separator el_class=\u00a0\u00bblinesproduct\u00a0\u00bb][vc_column_text]<span style=\"color: #dc9814;\">GUSTO<br \/>\n<\/span>Doux avec de l\u00e9g\u00e8res notes acides [\/vc_column_text][vc_separator el_class=\u00a0\u00bblinesproduct\u00a0\u00bb][vc_column_text]<span style=\"color: #dc9814;\">GO\u00dbT<br \/>\n<\/span>Tendencia a la cristalizacio\u0301n* media y en cristales finos.[\/vc_column_text][vc_empty_space height=\u00a0\u00bb30px\u00a0\u00bb][vc_row_inner type=\u00a0\u00bbboxed\u00a0\u00bb css=\u00a0\u00bb.vc_custom_1596557729665{margin-right: 5px !important;margin-left: 5px !important;border-top-width: 1px !important;border-right-width: 1px !important;border-bottom-width: 1px !important;border-left-width: 1px !important;border-left-color: #ffd923 !important;border-left-style: solid !important;border-right-color: #ffd923 !important;border-right-style: solid !important;border-top-color: #ffd923 !important;border-top-style: solid !important;border-bottom-color: #ffd923 !important;border-bottom-style: solid !important;}\u00a0\u00bb][vc_column_inner][vc_empty_space height=\u00a0\u00bb10px\u00a0\u00bb]\r\n\t\t\t<div class=\"nm-feature layout-icon_left icon-style-simple bottom-spacing-none\"><div class=\"nm-feature-icon\"><i class=\"pe-7s-ribbon\" style=\"color: #483627;\"><\/i><\/div>\r\n\t\t\t\t<div class=\"nm-feature-content\">\r\n\t\t\t\t\t<div class=\"wpb_text_column\"><p class=\"footersizetext\">Le miel cristallis\u00e9 est un signe de qualit\u00e9. Pour le d\u00e9cristalliser en douceur sans nuire \u00e0 ses propri\u00e9t\u00e9s, chauffez-le \u00e0 moins de 45\u00ba. La meilleure conservation du miel est \u00e0 temp\u00e9rature ambiante, dans un endroit frais et sec.<\/p>\n<\/div>\r\n\t\t\t\t<\/div>\r\n\t\t\t<\/div>[vc_empty_space height=\u00a0\u00bb20px\u00a0\u00bb][\/vc_column_inner][\/vc_row_inner][vc_empty_space height=\u00a0\u00bb50px\u00a0\u00bb][vc_separator el_class=\u00a0\u00bblinesproduct\u00a0\u00bb][vc_column_text]\n<h5><span style=\"color: #483627; font-family: Montserrat,sans-serif;\">UTILISATIONS GASTRONOMIQUES: <\/span><\/h5>\n<p>Le miel d\u2019eucalyptus est largement utilis\u00e9 comme \u00e9dulcorant pour les infusions, dans les sauces, pour accompagner les pains noirs ou pour assaisonner les poissons noirs.<\/p>\n[\/vc_column_text][vc_empty_space][\/vc_column][vc_column width=\u00a0\u00bb1\/2&Prime;][vc_row_inner content_placement=\u00a0\u00bbmiddle\u00a0\u00bb][vc_column_inner width=\u00a0\u00bb1\/2&Prime; offset=\u00a0\u00bbvc_hidden-sm vc_hidden-xs\u00a0\u00bb][vc_single_image image=\u00a0\u00bb2178&Prime; img_size=\u00a0\u00bb180&#215;180&Prime; alignment=\u00a0\u00bbcenter\u00a0\u00bb][\/vc_column_inner][vc_column_inner width=\u00a0\u00bb1\/2&Prime;][vc_single_image image=\u00a0\u00bb1625&Prime; img_size=\u00a0\u00bb102&#215;160&Prime; alignment=\u00a0\u00bbcenter\u00a0\u00bb][\/vc_column_inner][\/vc_row_inner][vc_empty_space][vc_row_inner][vc_column_inner width=\u00a0\u00bb1\/2&Prime; offset=\u00a0\u00bbvc_hidden-sm vc_hidden-xs\u00a0\u00bb][vc_single_image image=\u00a0\u00bb1326&Prime; img_size=\u00a0\u00bb180&#215;180&Prime; alignment=\u00a0\u00bbcenter\u00a0\u00bb][vc_empty_space][\/vc_column_inner][vc_column_inner width=\u00a0\u00bb1\/2&Prime; css=\u00a0\u00bb.vc_custom_1596552240324{padding-top: 6% !important;padding-right: 2% !important;padding-bottom: 6% !important;padding-left: 2% !important;background-color: #eeeeee !important;}\u00a0\u00bb][vc_column_text]\n<p style=\"text-align: center; text-transform: uppercase;\"><span style=\"color: #dc9814;\">Miel de printemps r\u00e9colt\u00e9e<\/span><\/p>\n<p style=\"text-align: center;\">Avril et mai.<\/p>\n[\/vc_column_text][\/vc_column_inner][\/vc_row_inner][vc_empty_space][vc_row_inner css=\u00a0\u00bb.vc_custom_1596559799474{margin-bottom: 0px !important;padding-bottom: 0px !important;}\u00a0\u00bb][vc_column_inner width=\u00a0\u00bb1\/2&Prime; offset=\u00a0\u00bbvc_hidden-sm vc_hidden-xs\u00a0\u00bb][\/vc_column_inner][vc_column_inner width=\u00a0\u00bb1\/2&Prime; css=\u00a0\u00bb.vc_custom_1596559899411{margin-bottom: 0px !important;padding-top: 6% !important;padding-right: 6% !important;padding-bottom: 0px !important;padding-left: 6% !important;background-color: #eeeeee !important;background-position: center !important;background-repeat: no-repeat !important;background-size: contain !important;}\u00a0\u00bb][vc_column_text]\n<p style=\"text-align: center;\"><span style=\"color: #777777;\">Nos miels sont<\/span> <span style=\"color: #777777;\">prot\u00e9g\u00e9s par le label de garantie de<\/span> <span style=\"color: #777777;\">de qualit\u00e9 et d&rsquo;origine <\/span> <span style=\"color: #dc9814;\">ALIMENTOS DEL PARAISO NATURAL<\/span><\/p>\n[\/vc_column_text][vc_empty_space][vc_single_image image=\u00a0\u00bb1674&Prime; img_size=\u00a0\u00bbfull\u00a0\u00bb alignment=\u00a0\u00bbcenter\u00a0\u00bb][\/vc_column_inner][\/vc_row_inner][vc_row_inner css=\u00a0\u00bb.vc_custom_1596559960565{margin-top: 0px !important;margin-bottom: 0px !important;padding-top: 0px !important;padding-bottom: 0px !important;}\u00a0\u00bb][vc_column_inner width=\u00a0\u00bb1\/2&Prime; css=\u00a0\u00bb.vc_custom_1596560034134{margin-top: 0px !important;margin-bottom: 0px !important;border-top-width: 0px !important;padding-top: 0px !important;padding-bottom: 0px !important;}\u00a0\u00bb offset=\u00a0\u00bbvc_hidden-sm vc_hidden-xs\u00a0\u00bb][\/vc_column_inner][vc_column_inner width=\u00a0\u00bb1\/2&Prime; css=\u00a0\u00bb.vc_custom_1596560760852{margin-top: 0px !important;padding-top: 0px !important;padding-right: 6% !important;padding-bottom: 6% !important;padding-left: 6% !important;background-color: #ffd923 !important;background-position: center !important;background-repeat: no-repeat !important;background-size: contain !important;}\u00a0\u00bb][vc_single_image image=\u00a0\u00bb1676&Prime; img_size=\u00a0\u00bbfull\u00a0\u00bb alignment=\u00a0\u00bbcenter\u00a0\u00bb][\/vc_column_inner][\/vc_row_inner][\/vc_column][\/vc_row][\/vc_section]\n<\/div>","protected":false},"excerpt":{"rendered":"<p>Miel naturel dont la composition principale provient du nectar des fleurs de l\u2019eucalyptus (Eucalyptus Globulus), la vari\u00e9t\u00e9 mellif\u00e8re de cette esp\u00e8ce que l\u2019on trouve dans les Asturies.<\/p>\n","protected":false},"featured_media":3538,"comment_status":"open","ping_status":"closed","template":"","meta":{"_joinchat":[]},"product_brand":[],"product_cat":[107],"product_tag":[140,146,147,154],"class_list":{"0":"post-3878","1":"product","2":"type-product","3":"status-publish","4":"has-post-thumbnail","6":"product_cat-mieles-naturales-fr","7":"product_tag-balsamique","8":"product_tag-miel-clair","9":"product_tag-miel-monofloral-fr","10":"product_tag-saveur-douce","12":"first","13":"outofstock","14":"taxable","15":"shipping-taxable","16":"product-type-simple"},"yoast_head":"<!-- This site is optimized with the Yoast SEO plugin v26.8 - https:\/\/yoast.com\/product\/yoast-seo-wordpress\/ -->\n<title>Miel d\u2019eucalyptus | Miel natural de Asturias, Er\u00eda de Valles. Sabor a tradici\u00f3n.<\/title>\n<meta name=\"robots\" content=\"index, follow, max-snippet:-1, max-image-preview:large, max-video-preview:-1\" \/>\n<link rel=\"canonical\" href=\"https:\/\/eriadevalles.es\/fr\/producto\/miel-deucalyptus\/\" \/>\n<meta property=\"og:locale\" content=\"fr_FR\" \/>\n<meta property=\"og:type\" content=\"article\" \/>\n<meta property=\"og:title\" content=\"Miel d\u2019eucalyptus | Miel natural de Asturias, Er\u00eda de Valles. Sabor a tradici\u00f3n.\" \/>\n<meta property=\"og:description\" content=\"Miel naturel dont la composition principale provient du nectar des fleurs de l\u2019eucalyptus (Eucalyptus Globulus), la vari\u00e9t\u00e9 mellif\u00e8re de cette esp\u00e8ce que l\u2019on trouve dans les Asturies.\" \/>\n<meta property=\"og:url\" content=\"https:\/\/eriadevalles.es\/fr\/producto\/miel-deucalyptus\/\" \/>\n<meta property=\"og:site_name\" content=\"Miel natural de Asturias, Er\u00eda de Valles. Sabor a tradici\u00f3n.\" \/>\n<meta property=\"article:publisher\" content=\"https:\/\/es-es.facebook.com\/mieleriadevalles\/\" \/>\n<meta property=\"article:modified_time\" content=\"2025-03-28T11:30:26+00:00\" \/>\n<meta property=\"og:image\" content=\"https:\/\/eriadevalles.es\/wp-content\/uploads\/2020\/07\/miel-de-eucalipto-750g-awarsd.jpg\" \/>\n\t<meta property=\"og:image:width\" content=\"1032\" \/>\n\t<meta property=\"og:image:height\" content=\"1280\" \/>\n\t<meta property=\"og:image:type\" content=\"image\/jpeg\" \/>\n<meta name=\"twitter:card\" content=\"summary_large_image\" \/>\n<meta name=\"twitter:site\" content=\"@eriadevalles\" \/>\n<meta name=\"twitter:label1\" content=\"Dur\u00e9e de lecture estim\u00e9e\" \/>\n\t<meta name=\"twitter:data1\" content=\"4 minutes\" \/>\n<script type=\"application\/ld+json\" class=\"yoast-schema-graph\">{\"@context\":\"https:\/\/schema.org\",\"@graph\":[{\"@type\":\"WebPage\",\"@id\":\"https:\/\/eriadevalles.es\/fr\/producto\/miel-deucalyptus\/\",\"url\":\"https:\/\/eriadevalles.es\/fr\/producto\/miel-deucalyptus\/\",\"name\":\"Miel d\u2019eucalyptus | Miel natural de Asturias, Er\u00eda de Valles. Sabor a tradici\u00f3n.\",\"isPartOf\":{\"@id\":\"https:\/\/eriadevalles.es\/fr\/#website\"},\"primaryImageOfPage\":{\"@id\":\"https:\/\/eriadevalles.es\/fr\/producto\/miel-deucalyptus\/#primaryimage\"},\"image\":{\"@id\":\"https:\/\/eriadevalles.es\/fr\/producto\/miel-deucalyptus\/#primaryimage\"},\"thumbnailUrl\":\"https:\/\/eriadevalles.es\/wp-content\/uploads\/2020\/07\/miel-de-eucalipto-750g-awarsd.jpg\",\"datePublished\":\"2020-07-14T08:45:22+00:00\",\"dateModified\":\"2025-03-28T11:30:26+00:00\",\"breadcrumb\":{\"@id\":\"https:\/\/eriadevalles.es\/fr\/producto\/miel-deucalyptus\/#breadcrumb\"},\"inLanguage\":\"fr-FR\",\"potentialAction\":[{\"@type\":\"ReadAction\",\"target\":[\"https:\/\/eriadevalles.es\/fr\/producto\/miel-deucalyptus\/\"]}]},{\"@type\":\"ImageObject\",\"inLanguage\":\"fr-FR\",\"@id\":\"https:\/\/eriadevalles.es\/fr\/producto\/miel-deucalyptus\/#primaryimage\",\"url\":\"https:\/\/eriadevalles.es\/wp-content\/uploads\/2020\/07\/miel-de-eucalipto-750g-awarsd.jpg\",\"contentUrl\":\"https:\/\/eriadevalles.es\/wp-content\/uploads\/2020\/07\/miel-de-eucalipto-750g-awarsd.jpg\",\"width\":1032,\"height\":1280},{\"@type\":\"BreadcrumbList\",\"@id\":\"https:\/\/eriadevalles.es\/fr\/producto\/miel-deucalyptus\/#breadcrumb\",\"itemListElement\":[{\"@type\":\"ListItem\",\"position\":1,\"name\":\"Portada\",\"item\":\"https:\/\/eriadevalles.es\/fr\/\"},{\"@type\":\"ListItem\",\"position\":2,\"name\":\"Miel Naturel des Asturies, 100% Artisanal\",\"item\":\"https:\/\/eriadevalles.es\/fr\/\"},{\"@type\":\"ListItem\",\"position\":3,\"name\":\"Miel d\u2019eucalyptus\"}]},{\"@type\":\"WebSite\",\"@id\":\"https:\/\/eriadevalles.es\/fr\/#website\",\"url\":\"https:\/\/eriadevalles.es\/fr\/\",\"name\":\"Miel natural de Asturias, Er\u00eda de Valles. Sabor a tradici\u00f3n.\",\"description\":\"Tienda Online para comprar Miel Natural 100% artesana. Variedad de mieles procedentes de colmenas emplazadas en Asturias y amparadas por el sello de garant\u00eda de calidad y origen Alimentos del Para\u00edso Natural, \u00fanica marca de calidad que garantiza la procedencia de la miel.\",\"publisher\":{\"@id\":\"https:\/\/eriadevalles.es\/fr\/#organization\"},\"potentialAction\":[{\"@type\":\"SearchAction\",\"target\":{\"@type\":\"EntryPoint\",\"urlTemplate\":\"https:\/\/eriadevalles.es\/fr\/?s={search_term_string}\"},\"query-input\":{\"@type\":\"PropertyValueSpecification\",\"valueRequired\":true,\"valueName\":\"search_term_string\"}}],\"inLanguage\":\"fr-FR\"},{\"@type\":\"Organization\",\"@id\":\"https:\/\/eriadevalles.es\/fr\/#organization\",\"name\":\"Er\u00eda de Valles\",\"url\":\"https:\/\/eriadevalles.es\/fr\/\",\"logo\":{\"@type\":\"ImageObject\",\"inLanguage\":\"fr-FR\",\"@id\":\"https:\/\/eriadevalles.es\/fr\/#\/schema\/logo\/image\/\",\"url\":\"https:\/\/eriadevalles.es\/wp-content\/uploads\/2020\/06\/logo-eria-de-valles.jpg\",\"contentUrl\":\"https:\/\/eriadevalles.es\/wp-content\/uploads\/2020\/06\/logo-eria-de-valles.jpg\",\"width\":200,\"height\":120,\"caption\":\"Er\u00eda de Valles\"},\"image\":{\"@id\":\"https:\/\/eriadevalles.es\/fr\/#\/schema\/logo\/image\/\"},\"sameAs\":[\"https:\/\/es-es.facebook.com\/mieleriadevalles\/\",\"https:\/\/x.com\/eriadevalles\",\"https:\/\/www.instagram.com\/eriadevalles\/\"]}]}<\/script>\n<!-- \/ Yoast SEO plugin. -->","yoast_head_json":{"title":"Miel d\u2019eucalyptus | Miel natural de Asturias, Er\u00eda de Valles. Sabor a tradici\u00f3n.","robots":{"index":"index","follow":"follow","max-snippet":"max-snippet:-1","max-image-preview":"max-image-preview:large","max-video-preview":"max-video-preview:-1"},"canonical":"https:\/\/eriadevalles.es\/fr\/producto\/miel-deucalyptus\/","og_locale":"fr_FR","og_type":"article","og_title":"Miel d\u2019eucalyptus | Miel natural de Asturias, Er\u00eda de Valles. Sabor a tradici\u00f3n.","og_description":"Miel naturel dont la composition principale provient du nectar des fleurs de l\u2019eucalyptus (Eucalyptus Globulus), la vari\u00e9t\u00e9 mellif\u00e8re de cette esp\u00e8ce que l\u2019on trouve dans les Asturies.","og_url":"https:\/\/eriadevalles.es\/fr\/producto\/miel-deucalyptus\/","og_site_name":"Miel natural de Asturias, Er\u00eda de Valles. Sabor a tradici\u00f3n.","article_publisher":"https:\/\/es-es.facebook.com\/mieleriadevalles\/","article_modified_time":"2025-03-28T11:30:26+00:00","og_image":[{"width":1032,"height":1280,"url":"https:\/\/eriadevalles.es\/wp-content\/uploads\/2020\/07\/miel-de-eucalipto-750g-awarsd.jpg","type":"image\/jpeg"}],"twitter_card":"summary_large_image","twitter_site":"@eriadevalles","twitter_misc":{"Dur\u00e9e de lecture estim\u00e9e":"4 minutes"},"schema":{"@context":"https:\/\/schema.org","@graph":[{"@type":"WebPage","@id":"https:\/\/eriadevalles.es\/fr\/producto\/miel-deucalyptus\/","url":"https:\/\/eriadevalles.es\/fr\/producto\/miel-deucalyptus\/","name":"Miel d\u2019eucalyptus | Miel natural de Asturias, Er\u00eda de Valles. Sabor a tradici\u00f3n.","isPartOf":{"@id":"https:\/\/eriadevalles.es\/fr\/#website"},"primaryImageOfPage":{"@id":"https:\/\/eriadevalles.es\/fr\/producto\/miel-deucalyptus\/#primaryimage"},"image":{"@id":"https:\/\/eriadevalles.es\/fr\/producto\/miel-deucalyptus\/#primaryimage"},"thumbnailUrl":"https:\/\/eriadevalles.es\/wp-content\/uploads\/2020\/07\/miel-de-eucalipto-750g-awarsd.jpg","datePublished":"2020-07-14T08:45:22+00:00","dateModified":"2025-03-28T11:30:26+00:00","breadcrumb":{"@id":"https:\/\/eriadevalles.es\/fr\/producto\/miel-deucalyptus\/#breadcrumb"},"inLanguage":"fr-FR","potentialAction":[{"@type":"ReadAction","target":["https:\/\/eriadevalles.es\/fr\/producto\/miel-deucalyptus\/"]}]},{"@type":"ImageObject","inLanguage":"fr-FR","@id":"https:\/\/eriadevalles.es\/fr\/producto\/miel-deucalyptus\/#primaryimage","url":"https:\/\/eriadevalles.es\/wp-content\/uploads\/2020\/07\/miel-de-eucalipto-750g-awarsd.jpg","contentUrl":"https:\/\/eriadevalles.es\/wp-content\/uploads\/2020\/07\/miel-de-eucalipto-750g-awarsd.jpg","width":1032,"height":1280},{"@type":"BreadcrumbList","@id":"https:\/\/eriadevalles.es\/fr\/producto\/miel-deucalyptus\/#breadcrumb","itemListElement":[{"@type":"ListItem","position":1,"name":"Portada","item":"https:\/\/eriadevalles.es\/fr\/"},{"@type":"ListItem","position":2,"name":"Miel Naturel des Asturies, 100% Artisanal","item":"https:\/\/eriadevalles.es\/fr\/"},{"@type":"ListItem","position":3,"name":"Miel d\u2019eucalyptus"}]},{"@type":"WebSite","@id":"https:\/\/eriadevalles.es\/fr\/#website","url":"https:\/\/eriadevalles.es\/fr\/","name":"Miel natural de Asturias, Er\u00eda de Valles. Sabor a tradici\u00f3n.","description":"Tienda Online para comprar Miel Natural 100% artesana. Variedad de mieles procedentes de colmenas emplazadas en Asturias y amparadas por el sello de garant\u00eda de calidad y origen Alimentos del Para\u00edso Natural, \u00fanica marca de calidad que garantiza la procedencia de la miel.","publisher":{"@id":"https:\/\/eriadevalles.es\/fr\/#organization"},"potentialAction":[{"@type":"SearchAction","target":{"@type":"EntryPoint","urlTemplate":"https:\/\/eriadevalles.es\/fr\/?s={search_term_string}"},"query-input":{"@type":"PropertyValueSpecification","valueRequired":true,"valueName":"search_term_string"}}],"inLanguage":"fr-FR"},{"@type":"Organization","@id":"https:\/\/eriadevalles.es\/fr\/#organization","name":"Er\u00eda de Valles","url":"https:\/\/eriadevalles.es\/fr\/","logo":{"@type":"ImageObject","inLanguage":"fr-FR","@id":"https:\/\/eriadevalles.es\/fr\/#\/schema\/logo\/image\/","url":"https:\/\/eriadevalles.es\/wp-content\/uploads\/2020\/06\/logo-eria-de-valles.jpg","contentUrl":"https:\/\/eriadevalles.es\/wp-content\/uploads\/2020\/06\/logo-eria-de-valles.jpg","width":200,"height":120,"caption":"Er\u00eda de Valles"},"image":{"@id":"https:\/\/eriadevalles.es\/fr\/#\/schema\/logo\/image\/"},"sameAs":["https:\/\/es-es.facebook.com\/mieleriadevalles\/","https:\/\/x.com\/eriadevalles","https:\/\/www.instagram.com\/eriadevalles\/"]}]}},"_links":{"self":[{"href":"https:\/\/eriadevalles.es\/fr\/wp-json\/wp\/v2\/product\/3878","targetHints":{"allow":["GET"]}}],"collection":[{"href":"https:\/\/eriadevalles.es\/fr\/wp-json\/wp\/v2\/product"}],"about":[{"href":"https:\/\/eriadevalles.es\/fr\/wp-json\/wp\/v2\/types\/product"}],"replies":[{"embeddable":true,"href":"https:\/\/eriadevalles.es\/fr\/wp-json\/wp\/v2\/comments?post=3878"}],"wp:featuredmedia":[{"embeddable":true,"href":"https:\/\/eriadevalles.es\/fr\/wp-json\/wp\/v2\/media\/3538"}],"wp:attachment":[{"href":"https:\/\/eriadevalles.es\/fr\/wp-json\/wp\/v2\/media?parent=3878"}],"wp:term":[{"taxonomy":"product_brand","embeddable":true,"href":"https:\/\/eriadevalles.es\/fr\/wp-json\/wp\/v2\/product_brand?post=3878"},{"taxonomy":"product_cat","embeddable":true,"href":"https:\/\/eriadevalles.es\/fr\/wp-json\/wp\/v2\/product_cat?post=3878"},{"taxonomy":"product_tag","embeddable":true,"href":"https:\/\/eriadevalles.es\/fr\/wp-json\/wp\/v2\/product_tag?post=3878"}],"curies":[{"name":"wp","href":"https:\/\/api.w.org\/{rel}","templated":true}]}}