{"id":3874,"date":"2015-08-11T20:30:57","date_gmt":"2015-08-11T18:30:57","guid":{"rendered":"https:\/\/eriadevalles.es\/?post_type=product&#038;p=3874"},"modified":"2025-03-28T12:20:56","modified_gmt":"2025-03-28T11:20:56","slug":"miel-de-chataignier","status":"publish","type":"product","link":"https:\/\/eriadevalles.es\/fr\/producto\/miel-de-chataignier\/","title":{"rendered":"Miel de ch\u00e2taignier"},"content":{"rendered":"<div class=\"wpb-content-wrapper\">[vc_section][vc_row type=\u00a0\u00bbboxed\u00a0\u00bb content_placement=\u00a0\u00bbtop\u00a0\u00bb css=\u00a0\u00bb.vc_custom_1596214945921{border-top-width: 1px !important;border-top-color: #eeeeee !important;border-top-style: solid !important;}\u00a0\u00bb][vc_column][vc_empty_space][vc_single_image image=\u00a0\u00bb1655&Prime; img_size=\u00a0\u00bbfull\u00a0\u00bb alignment=\u00a0\u00bbcenter\u00a0\u00bb][vc_empty_space height=\u00a0\u00bb10px\u00a0\u00bb][vc_column_text el_class=\u00a0\u00bbpiefoto\u00a0\u00bb]Le miel de ch\u00e2taigne requiert une floraison r\u00e9ussie des ch\u00e2taigniers. La r\u00e9gion cantabrique, surtout les Asturies, a servi de refuge climatique cl\u00e9 pour les ch\u00e2taigniers il y a plus de 20 000 ans..[\/vc_column_text][vc_empty_space][vc_custom_heading text=\u00a0\u00bbMiel de ch\u00e2taignier\u00a0\u00bb font_container=\u00a0\u00bbtag:h3|text_align:left\u00a0\u00bb use_theme_fonts=\u00a0\u00bbyes\u00a0\u00bb][vc_empty_space height=\u00a0\u00bb15px\u00a0\u00bb][vc_column_text]Notre miel de ch\u00e2taignier (Castenea sativa) est produit dans la zone centrale des Asturies entre juin et juillet.<br \/>\nLa plupart de sa composition provient du nectar de la fleur de ch\u00e2taignier, un arbre tr\u00e8s pr\u00e9sent historiquement dans les Asturies, qui poss\u00e8dent actuellement la plus grande for\u00eat de ch\u00e2taigniers d\u2019Europe.<br \/>\nLe miel de ch\u00e2taignier a des propri\u00e9t\u00e9s antiinflammatoires, antioxydantes, s\u00e9datives et r\u00e9g\u00e9n\u00e9ratrices et est excellent comme reconstituant. [\/vc_column_text][vc_empty_space][\/vc_column][\/vc_row][\/vc_section][vc_section][vc_row type=\u00a0\u00bbboxed\u00a0\u00bb equal_height=\u00a0\u00bbyes\u00a0\u00bb][vc_column width=\u00a0\u00bb1\/2&Prime;][vc_row_inner][vc_column_inner][\/vc_column_inner][\/vc_row_inner][vc_column_text css=\u00a0\u00bb.vc_custom_1743073357639{padding-right: 5% !important;}\u00a0\u00bb]<span style=\"color: #a3a3a3; font-weight: 200;\"><em>Le miel de ch\u00e2taigne contient des qualit\u00e9s anti-inflammatoires, antioxydantes, s\u00e9datives et r\u00e9g\u00e9n\u00e9ratrices, et est un tonique magnifique.<\/em><\/span>[\/vc_column_text][vc_empty_space][vc_column_text]<span style=\"color: #dc9814;\">COULEUR<br \/>\n<\/span>Ambre \u2013 ambre fonc\u00e9 [\/vc_column_text][vc_separator el_class=\u00a0\u00bblinesproduct\u00a0\u00bb][vc_column_text]<span style=\"color: #dc9814;\">AR\u00d4ME<br \/>\n<\/span> Floral avec une composante bois\u00e9e claire et marqu\u00e9e [\/vc_column_text][vc_separator el_class=\u00a0\u00bblinesproduct\u00a0\u00bb][vc_column_text]<span style=\"color: #dc9814;\">GO\u00dbT <\/span>Doux avec des notes sales et acides [\/vc_column_text][vc_separator el_class=\u00a0\u00bblinesproduct\u00a0\u00bb][vc_column_text]<span style=\"color: #dc9814;\">TOUCHER <\/span> Tendance \u00e0 une faible cistallisation [\/vc_column_text][vc_empty_space height=\u00a0\u00bb30px\u00a0\u00bb][vc_row_inner type=\u00a0\u00bbboxed\u00a0\u00bb css=\u00a0\u00bb.vc_custom_1596557729665{margin-right: 5px !important;margin-left: 5px !important;border-top-width: 1px !important;border-right-width: 1px !important;border-bottom-width: 1px !important;border-left-width: 1px !important;border-left-color: #ffd923 !important;border-left-style: solid !important;border-right-color: #ffd923 !important;border-right-style: solid !important;border-top-color: #ffd923 !important;border-top-style: solid !important;border-bottom-color: #ffd923 !important;border-bottom-style: solid !important;}\u00a0\u00bb][vc_column_inner][vc_empty_space height=\u00a0\u00bb10px\u00a0\u00bb]\r\n\t\t\t<div class=\"nm-feature layout-icon_left icon-style-simple bottom-spacing-none\"><div class=\"nm-feature-icon\"><i class=\"pe-7s-ribbon\" style=\"color: #483627;\"><\/i><\/div>\r\n\t\t\t\t<div class=\"nm-feature-content\">\r\n\t\t\t\t\t<div class=\"wpb_text_column\"><p class=\"footersizetext\">Le miel cristallis\u00e9 est un signe de qualit\u00e9. Pour le d\u00e9cristalliser en douceur sans nuire \u00e0 ses propri\u00e9t\u00e9s, chauffez-le \u00e0 moins de 45\u00ba. La meilleure conservation du miel est \u00e0 temp\u00e9rature ambiante, dans un endroit frais et sec<\/p>\n<\/div>\r\n\t\t\t\t<\/div>\r\n\t\t\t<\/div>[vc_empty_space height=\u00a0\u00bb20px\u00a0\u00bb][\/vc_column_inner][\/vc_row_inner][vc_empty_space height=\u00a0\u00bb50px\u00a0\u00bb][vc_separator el_class=\u00a0\u00bblinesproduct\u00a0\u00bb][vc_column_text]\n<h5><span style=\"color: #483627; font-family: Montserrat,sans-serif;\">UTILISATIONS GASTRONOMIQUES:<\/span><\/h5>\n<p>En cuisine, le miel de ch\u00e2taigner est un bon assaisonnement pour les salades et les l\u00e9gumes secs.<br \/>\nIl accompagne \u00e9galement tr\u00e8s bien les viandes.[\/vc_column_text][vc_empty_space][\/vc_column][vc_column width=\u00a0\u00bb1\/2&Prime;][vc_row_inner][vc_column_inner width=\u00a0\u00bb1\/2&Prime; offset=\u00a0\u00bbvc_hidden-sm vc_hidden-xs\u00a0\u00bb][vc_empty_space][\/vc_column_inner][vc_column_inner width=\u00a0\u00bb1\/2&Prime;][vc_single_image image=\u00a0\u00bb1625&Prime; img_size=\u00a0\u00bb102&#215;160&Prime; alignment=\u00a0\u00bbcenter\u00a0\u00bb][\/vc_column_inner][\/vc_row_inner][vc_empty_space][vc_row_inner][vc_column_inner width=\u00a0\u00bb1\/2&Prime; offset=\u00a0\u00bbvc_hidden-sm vc_hidden-xs\u00a0\u00bb][vc_empty_space][\/vc_column_inner][vc_column_inner width=\u00a0\u00bb1\/2&Prime; css=\u00a0\u00bb.vc_custom_1596552240324{padding-top: 6% !important;padding-right: 2% !important;padding-bottom: 6% !important;padding-left: 2% !important;background-color: #eeeeee !important;}\u00a0\u00bb][vc_column_text]\n<p style=\"text-align: center;\"><span style=\"color: #dc9814;\">MIEL R\u00c9COLT\u00c9E L&rsquo;\u00c9T\u00c9<\/span><\/p>\n<p style=\"text-align: center;\">De la deuxi\u00e8me quinzaine de juillet \u00e0 fin ao\u00fbt.<\/p>\n[\/vc_column_text][\/vc_column_inner][\/vc_row_inner][vc_empty_space][vc_row_inner css=\u00a0\u00bb.vc_custom_1596559799474{margin-bottom: 0px !important;padding-bottom: 0px !important;}\u00a0\u00bb][vc_column_inner width=\u00a0\u00bb1\/2&Prime; offset=\u00a0\u00bbvc_hidden-sm vc_hidden-xs\u00a0\u00bb][\/vc_column_inner][vc_column_inner width=\u00a0\u00bb1\/2&Prime; css=\u00a0\u00bb.vc_custom_1596559899411{margin-bottom: 0px !important;padding-top: 6% !important;padding-right: 6% !important;padding-bottom: 0px !important;padding-left: 6% !important;background-color: #eeeeee !important;background-position: center !important;background-repeat: no-repeat !important;background-size: contain !important;}\u00a0\u00bb][vc_column_text]\n<p style=\"text-align: center;\"><span style=\"color: #777777;\">Nos miels sont<\/span> <span style=\"color: #777777;\">prot\u00e9g\u00e9s par le label de garantie de<\/span> <span style=\"color: #777777;\">de qualit\u00e9 et d&rsquo;origine <\/span> <span style=\"color: #dc9814;\">ALIMENTOS DEL PARAISO NATURAL<\/span><\/p>\n[\/vc_column_text][vc_empty_space][vc_single_image image=\u00a0\u00bb1674&Prime; img_size=\u00a0\u00bbfull\u00a0\u00bb alignment=\u00a0\u00bbcenter\u00a0\u00bb][\/vc_column_inner][\/vc_row_inner][vc_row_inner css=\u00a0\u00bb.vc_custom_1596559960565{margin-top: 0px !important;margin-bottom: 0px !important;padding-top: 0px !important;padding-bottom: 0px !important;}\u00a0\u00bb][vc_column_inner width=\u00a0\u00bb1\/2&Prime; css=\u00a0\u00bb.vc_custom_1596560034134{margin-top: 0px !important;margin-bottom: 0px !important;border-top-width: 0px !important;padding-top: 0px !important;padding-bottom: 0px !important;}\u00a0\u00bb offset=\u00a0\u00bbvc_hidden-sm vc_hidden-xs\u00a0\u00bb][\/vc_column_inner][vc_column_inner width=\u00a0\u00bb1\/2&Prime; css=\u00a0\u00bb.vc_custom_1596560760852{margin-top: 0px !important;padding-top: 0px !important;padding-right: 6% !important;padding-bottom: 6% !important;padding-left: 6% !important;background-color: #ffd923 !important;background-position: center !important;background-repeat: no-repeat !important;background-size: contain !important;}\u00a0\u00bb][vc_single_image image=\u00a0\u00bb1676&Prime; img_size=\u00a0\u00bbfull\u00a0\u00bb alignment=\u00a0\u00bbcenter\u00a0\u00bb][\/vc_column_inner][\/vc_row_inner][\/vc_column][\/vc_row][\/vc_section]\n<\/div>","protected":false},"excerpt":{"rendered":"<p>Notre miel de ch\u00e2taignier (Castenea sativa) est produit dans la zone centrale des Asturies entre juin et juillet.<\/p>\n<p>La plupart de sa composition provient du nectar de la fleur de ch\u00e2taignier, un arbre tr\u00e8s pr\u00e9sent historiquement dans les Asturies, qui poss\u00e8dent actuellement la plus grande for\u00eat de ch\u00e2taigniers d\u2019Europe.<\/p>\n","protected":false},"featured_media":3566,"comment_status":"open","ping_status":"closed","template":"","meta":{"_joinchat":[]},"product_brand":[],"product_cat":[107],"product_tag":[143,144,150,147],"class_list":{"0":"post-3874","1":"product","2":"type-product","3":"status-publish","4":"has-post-thumbnail","6":"product_cat-mieles-naturales-fr","7":"product_tag-mariage-avec-la-viande","8":"product_tag-mariage-avec-les-salades","9":"product_tag-miel-fonce","10":"product_tag-miel-monofloral-fr","12":"first","13":"outofstock","14":"taxable","15":"shipping-taxable","16":"product-type-simple"},"yoast_head":"<!-- This site is optimized with the Yoast SEO plugin v26.8 - https:\/\/yoast.com\/product\/yoast-seo-wordpress\/ -->\n<title>Miel de ch\u00e2taignier | Miel natural de Asturias, Er\u00eda de Valles. Sabor a tradici\u00f3n.<\/title>\n<meta name=\"robots\" content=\"index, follow, max-snippet:-1, max-image-preview:large, max-video-preview:-1\" \/>\n<link rel=\"canonical\" href=\"https:\/\/eriadevalles.es\/fr\/producto\/miel-de-chataignier\/\" \/>\n<meta property=\"og:locale\" content=\"fr_FR\" \/>\n<meta property=\"og:type\" content=\"article\" \/>\n<meta property=\"og:title\" content=\"Miel de ch\u00e2taignier | Miel natural de Asturias, Er\u00eda de Valles. Sabor a tradici\u00f3n.\" \/>\n<meta property=\"og:description\" content=\"Notre miel de ch\u00e2taignier (Castenea sativa) est produit dans la zone centrale des Asturies entre juin et juillet.  La plupart de sa composition provient du nectar de la fleur de ch\u00e2taignier, un arbre tr\u00e8s pr\u00e9sent historiquement dans les Asturies, qui poss\u00e8dent actuellement la plus grande for\u00eat de ch\u00e2taigniers d\u2019Europe.\" \/>\n<meta property=\"og:url\" content=\"https:\/\/eriadevalles.es\/fr\/producto\/miel-de-chataignier\/\" \/>\n<meta property=\"og:site_name\" content=\"Miel natural de Asturias, Er\u00eda de Valles. Sabor a tradici\u00f3n.\" \/>\n<meta property=\"article:publisher\" content=\"https:\/\/es-es.facebook.com\/mieleriadevalles\/\" \/>\n<meta property=\"article:modified_time\" content=\"2025-03-28T11:20:56+00:00\" \/>\n<meta property=\"og:image\" content=\"https:\/\/eriadevalles.es\/wp-content\/uploads\/2015\/08\/miel-de-castano-750g-awards.jpg\" \/>\n\t<meta property=\"og:image:width\" content=\"1032\" \/>\n\t<meta property=\"og:image:height\" content=\"1280\" \/>\n\t<meta property=\"og:image:type\" content=\"image\/jpeg\" \/>\n<meta name=\"twitter:card\" content=\"summary_large_image\" \/>\n<meta name=\"twitter:site\" content=\"@eriadevalles\" \/>\n<meta name=\"twitter:label1\" content=\"Dur\u00e9e de lecture estim\u00e9e\" \/>\n\t<meta name=\"twitter:data1\" content=\"3 minutes\" \/>\n<script type=\"application\/ld+json\" class=\"yoast-schema-graph\">{\"@context\":\"https:\/\/schema.org\",\"@graph\":[{\"@type\":\"WebPage\",\"@id\":\"https:\/\/eriadevalles.es\/fr\/producto\/miel-de-chataignier\/\",\"url\":\"https:\/\/eriadevalles.es\/fr\/producto\/miel-de-chataignier\/\",\"name\":\"Miel de ch\u00e2taignier | Miel natural de Asturias, Er\u00eda de Valles. Sabor a tradici\u00f3n.\",\"isPartOf\":{\"@id\":\"https:\/\/eriadevalles.es\/fr\/#website\"},\"primaryImageOfPage\":{\"@id\":\"https:\/\/eriadevalles.es\/fr\/producto\/miel-de-chataignier\/#primaryimage\"},\"image\":{\"@id\":\"https:\/\/eriadevalles.es\/fr\/producto\/miel-de-chataignier\/#primaryimage\"},\"thumbnailUrl\":\"https:\/\/eriadevalles.es\/wp-content\/uploads\/2015\/08\/miel-de-castano-750g-awards.jpg\",\"datePublished\":\"2015-08-11T18:30:57+00:00\",\"dateModified\":\"2025-03-28T11:20:56+00:00\",\"breadcrumb\":{\"@id\":\"https:\/\/eriadevalles.es\/fr\/producto\/miel-de-chataignier\/#breadcrumb\"},\"inLanguage\":\"fr-FR\",\"potentialAction\":[{\"@type\":\"ReadAction\",\"target\":[\"https:\/\/eriadevalles.es\/fr\/producto\/miel-de-chataignier\/\"]}]},{\"@type\":\"ImageObject\",\"inLanguage\":\"fr-FR\",\"@id\":\"https:\/\/eriadevalles.es\/fr\/producto\/miel-de-chataignier\/#primaryimage\",\"url\":\"https:\/\/eriadevalles.es\/wp-content\/uploads\/2015\/08\/miel-de-castano-750g-awards.jpg\",\"contentUrl\":\"https:\/\/eriadevalles.es\/wp-content\/uploads\/2015\/08\/miel-de-castano-750g-awards.jpg\",\"width\":1032,\"height\":1280},{\"@type\":\"BreadcrumbList\",\"@id\":\"https:\/\/eriadevalles.es\/fr\/producto\/miel-de-chataignier\/#breadcrumb\",\"itemListElement\":[{\"@type\":\"ListItem\",\"position\":1,\"name\":\"Portada\",\"item\":\"https:\/\/eriadevalles.es\/fr\/\"},{\"@type\":\"ListItem\",\"position\":2,\"name\":\"Miel Naturel des Asturies, 100% Artisanal\",\"item\":\"https:\/\/eriadevalles.es\/fr\/\"},{\"@type\":\"ListItem\",\"position\":3,\"name\":\"Miel de ch\u00e2taignier\"}]},{\"@type\":\"WebSite\",\"@id\":\"https:\/\/eriadevalles.es\/fr\/#website\",\"url\":\"https:\/\/eriadevalles.es\/fr\/\",\"name\":\"Miel natural de Asturias, Er\u00eda de Valles. Sabor a tradici\u00f3n.\",\"description\":\"Tienda Online para comprar Miel Natural 100% artesana. Variedad de mieles procedentes de colmenas emplazadas en Asturias y amparadas por el sello de garant\u00eda de calidad y origen Alimentos del Para\u00edso Natural, \u00fanica marca de calidad que garantiza la procedencia de la miel.\",\"publisher\":{\"@id\":\"https:\/\/eriadevalles.es\/fr\/#organization\"},\"potentialAction\":[{\"@type\":\"SearchAction\",\"target\":{\"@type\":\"EntryPoint\",\"urlTemplate\":\"https:\/\/eriadevalles.es\/fr\/?s={search_term_string}\"},\"query-input\":{\"@type\":\"PropertyValueSpecification\",\"valueRequired\":true,\"valueName\":\"search_term_string\"}}],\"inLanguage\":\"fr-FR\"},{\"@type\":\"Organization\",\"@id\":\"https:\/\/eriadevalles.es\/fr\/#organization\",\"name\":\"Er\u00eda de Valles\",\"url\":\"https:\/\/eriadevalles.es\/fr\/\",\"logo\":{\"@type\":\"ImageObject\",\"inLanguage\":\"fr-FR\",\"@id\":\"https:\/\/eriadevalles.es\/fr\/#\/schema\/logo\/image\/\",\"url\":\"https:\/\/eriadevalles.es\/wp-content\/uploads\/2020\/06\/logo-eria-de-valles.jpg\",\"contentUrl\":\"https:\/\/eriadevalles.es\/wp-content\/uploads\/2020\/06\/logo-eria-de-valles.jpg\",\"width\":200,\"height\":120,\"caption\":\"Er\u00eda de Valles\"},\"image\":{\"@id\":\"https:\/\/eriadevalles.es\/fr\/#\/schema\/logo\/image\/\"},\"sameAs\":[\"https:\/\/es-es.facebook.com\/mieleriadevalles\/\",\"https:\/\/x.com\/eriadevalles\",\"https:\/\/www.instagram.com\/eriadevalles\/\"]}]}<\/script>\n<!-- \/ Yoast SEO plugin. -->","yoast_head_json":{"title":"Miel de ch\u00e2taignier | Miel natural de Asturias, Er\u00eda de Valles. Sabor a tradici\u00f3n.","robots":{"index":"index","follow":"follow","max-snippet":"max-snippet:-1","max-image-preview":"max-image-preview:large","max-video-preview":"max-video-preview:-1"},"canonical":"https:\/\/eriadevalles.es\/fr\/producto\/miel-de-chataignier\/","og_locale":"fr_FR","og_type":"article","og_title":"Miel de ch\u00e2taignier | Miel natural de Asturias, Er\u00eda de Valles. Sabor a tradici\u00f3n.","og_description":"Notre miel de ch\u00e2taignier (Castenea sativa) est produit dans la zone centrale des Asturies entre juin et juillet.  La plupart de sa composition provient du nectar de la fleur de ch\u00e2taignier, un arbre tr\u00e8s pr\u00e9sent historiquement dans les Asturies, qui poss\u00e8dent actuellement la plus grande for\u00eat de ch\u00e2taigniers d\u2019Europe.","og_url":"https:\/\/eriadevalles.es\/fr\/producto\/miel-de-chataignier\/","og_site_name":"Miel natural de Asturias, Er\u00eda de Valles. Sabor a tradici\u00f3n.","article_publisher":"https:\/\/es-es.facebook.com\/mieleriadevalles\/","article_modified_time":"2025-03-28T11:20:56+00:00","og_image":[{"width":1032,"height":1280,"url":"https:\/\/eriadevalles.es\/wp-content\/uploads\/2015\/08\/miel-de-castano-750g-awards.jpg","type":"image\/jpeg"}],"twitter_card":"summary_large_image","twitter_site":"@eriadevalles","twitter_misc":{"Dur\u00e9e de lecture estim\u00e9e":"3 minutes"},"schema":{"@context":"https:\/\/schema.org","@graph":[{"@type":"WebPage","@id":"https:\/\/eriadevalles.es\/fr\/producto\/miel-de-chataignier\/","url":"https:\/\/eriadevalles.es\/fr\/producto\/miel-de-chataignier\/","name":"Miel de ch\u00e2taignier | Miel natural de Asturias, Er\u00eda de Valles. Sabor a tradici\u00f3n.","isPartOf":{"@id":"https:\/\/eriadevalles.es\/fr\/#website"},"primaryImageOfPage":{"@id":"https:\/\/eriadevalles.es\/fr\/producto\/miel-de-chataignier\/#primaryimage"},"image":{"@id":"https:\/\/eriadevalles.es\/fr\/producto\/miel-de-chataignier\/#primaryimage"},"thumbnailUrl":"https:\/\/eriadevalles.es\/wp-content\/uploads\/2015\/08\/miel-de-castano-750g-awards.jpg","datePublished":"2015-08-11T18:30:57+00:00","dateModified":"2025-03-28T11:20:56+00:00","breadcrumb":{"@id":"https:\/\/eriadevalles.es\/fr\/producto\/miel-de-chataignier\/#breadcrumb"},"inLanguage":"fr-FR","potentialAction":[{"@type":"ReadAction","target":["https:\/\/eriadevalles.es\/fr\/producto\/miel-de-chataignier\/"]}]},{"@type":"ImageObject","inLanguage":"fr-FR","@id":"https:\/\/eriadevalles.es\/fr\/producto\/miel-de-chataignier\/#primaryimage","url":"https:\/\/eriadevalles.es\/wp-content\/uploads\/2015\/08\/miel-de-castano-750g-awards.jpg","contentUrl":"https:\/\/eriadevalles.es\/wp-content\/uploads\/2015\/08\/miel-de-castano-750g-awards.jpg","width":1032,"height":1280},{"@type":"BreadcrumbList","@id":"https:\/\/eriadevalles.es\/fr\/producto\/miel-de-chataignier\/#breadcrumb","itemListElement":[{"@type":"ListItem","position":1,"name":"Portada","item":"https:\/\/eriadevalles.es\/fr\/"},{"@type":"ListItem","position":2,"name":"Miel Naturel des Asturies, 100% Artisanal","item":"https:\/\/eriadevalles.es\/fr\/"},{"@type":"ListItem","position":3,"name":"Miel de ch\u00e2taignier"}]},{"@type":"WebSite","@id":"https:\/\/eriadevalles.es\/fr\/#website","url":"https:\/\/eriadevalles.es\/fr\/","name":"Miel natural de Asturias, Er\u00eda de Valles. Sabor a tradici\u00f3n.","description":"Tienda Online para comprar Miel Natural 100% artesana. Variedad de mieles procedentes de colmenas emplazadas en Asturias y amparadas por el sello de garant\u00eda de calidad y origen Alimentos del Para\u00edso Natural, \u00fanica marca de calidad que garantiza la procedencia de la miel.","publisher":{"@id":"https:\/\/eriadevalles.es\/fr\/#organization"},"potentialAction":[{"@type":"SearchAction","target":{"@type":"EntryPoint","urlTemplate":"https:\/\/eriadevalles.es\/fr\/?s={search_term_string}"},"query-input":{"@type":"PropertyValueSpecification","valueRequired":true,"valueName":"search_term_string"}}],"inLanguage":"fr-FR"},{"@type":"Organization","@id":"https:\/\/eriadevalles.es\/fr\/#organization","name":"Er\u00eda de Valles","url":"https:\/\/eriadevalles.es\/fr\/","logo":{"@type":"ImageObject","inLanguage":"fr-FR","@id":"https:\/\/eriadevalles.es\/fr\/#\/schema\/logo\/image\/","url":"https:\/\/eriadevalles.es\/wp-content\/uploads\/2020\/06\/logo-eria-de-valles.jpg","contentUrl":"https:\/\/eriadevalles.es\/wp-content\/uploads\/2020\/06\/logo-eria-de-valles.jpg","width":200,"height":120,"caption":"Er\u00eda de Valles"},"image":{"@id":"https:\/\/eriadevalles.es\/fr\/#\/schema\/logo\/image\/"},"sameAs":["https:\/\/es-es.facebook.com\/mieleriadevalles\/","https:\/\/x.com\/eriadevalles","https:\/\/www.instagram.com\/eriadevalles\/"]}]}},"_links":{"self":[{"href":"https:\/\/eriadevalles.es\/fr\/wp-json\/wp\/v2\/product\/3874","targetHints":{"allow":["GET"]}}],"collection":[{"href":"https:\/\/eriadevalles.es\/fr\/wp-json\/wp\/v2\/product"}],"about":[{"href":"https:\/\/eriadevalles.es\/fr\/wp-json\/wp\/v2\/types\/product"}],"replies":[{"embeddable":true,"href":"https:\/\/eriadevalles.es\/fr\/wp-json\/wp\/v2\/comments?post=3874"}],"wp:featuredmedia":[{"embeddable":true,"href":"https:\/\/eriadevalles.es\/fr\/wp-json\/wp\/v2\/media\/3566"}],"wp:attachment":[{"href":"https:\/\/eriadevalles.es\/fr\/wp-json\/wp\/v2\/media?parent=3874"}],"wp:term":[{"taxonomy":"product_brand","embeddable":true,"href":"https:\/\/eriadevalles.es\/fr\/wp-json\/wp\/v2\/product_brand?post=3874"},{"taxonomy":"product_cat","embeddable":true,"href":"https:\/\/eriadevalles.es\/fr\/wp-json\/wp\/v2\/product_cat?post=3874"},{"taxonomy":"product_tag","embeddable":true,"href":"https:\/\/eriadevalles.es\/fr\/wp-json\/wp\/v2\/product_tag?post=3874"}],"curies":[{"name":"wp","href":"https:\/\/api.w.org\/{rel}","templated":true}]}}