{"id":3905,"date":"2020-06-20T11:52:43","date_gmt":"2020-06-20T09:52:43","guid":{"rendered":"https:\/\/eriadevalles.es\/?page_id=3905"},"modified":"2025-03-19T11:16:29","modified_gmt":"2025-03-19T10:16:29","slug":"cookies","status":"publish","type":"page","link":"https:\/\/eriadevalles.es\/fr\/cookies\/","title":{"rendered":"Cookies"},"content":{"rendered":"<h2>Er\u00eda de Valles<\/h2>\n<h1>Politique de cookies<\/h1>\n<div style=\"width: 16%; height: 3px; background: #ffcc00; display: inline-block;\"><\/div>\n<p>Conform\u00e9ment \u00e0 l&rsquo;article 22.2 de la Loi 34\/2002, du 11 juillet, sur les services de la soci\u00e9t\u00e9 de l&rsquo;information et le commerce \u00e9lectronique, le Titulaire vous informe que ce site Web utilise des cookies, ainsi que sur la politique de collecte et de traitement de ces derniers.<\/p>\n<h3>Qu&rsquo;est-ce que les cookies<\/h3>\n<p>Un cookie est un fichier qui se t\u00e9l\u00e9charge sur votre ordinateur lorsque vous acc\u00e9dez \u00e0 certaines pages web. Les cookies permettent \u00e0 une page web, entre autres, de stocker et de r\u00e9cup\u00e9rer des informations sur vos habitudes de navigation et, en fonction des informations qu&rsquo;ils contiennent et de la fa\u00e7on dont vous utilisez votre \u00e9quipement, ils peuvent \u00eatre utilis\u00e9s pour vous identifier.<\/p>\n<h3>Types de cookies utilis\u00e9s<\/h3>\n<p>Le site Web <strong>https:\/\/eriadevalles.es<\/strong> utilise les types de cookies suivants :<\/p>\n<ul>\n<li><b>Cookies d&rsquo;analyse :<\/b> Ce sont ceux qui, trait\u00e9s soit par le site Web, soit par des tiers, permettent de quantifier le nombre d&rsquo;utilisateurs et ainsi de r\u00e9aliser la mesure et l&rsquo;analyse statistique de l&rsquo;utilisation qui est faite du site Web par les utilisateurs. \u00c0 cette fin, la navigation que vous effectuez sur ce site Web est analys\u00e9e afin de l&rsquo;am\u00e9liorer.<\/li>\n<li><b>Cookies techniques :<\/b> Ce sont ceux qui permettent aux utilisateurs enregistr\u00e9s de naviguer dans la zone restreinte et d&rsquo;utiliser ses diff\u00e9rentes fonctions, comme par exemple, r\u00e9aliser le processus d&rsquo;achat d&rsquo;un produit ou d&rsquo;un service. Certaines cookies sont essentielles au bon fonctionnement du site Web, comme le syst\u00e8me de commentaires ou le moteur de recherche du site Web.<\/li>\n<li><b>Cookies de personnalisation :<\/b> Ce sont ceux qui permettent aux utilisateurs d&rsquo;acc\u00e9der au service avec certaines caract\u00e9ristiques g\u00e9n\u00e9rales pr\u00e9d\u00e9finies en fonction de certains crit\u00e8res sur le terminal de l&rsquo;utilisateur, comme par exemple la langue ou le type de navigateur avec lequel l&rsquo;utilisateur se connecte au service.<\/li>\n<\/ul>\n<h3>Cookies utilis\u00e9s sur ce site web<\/h3>\n<p>Conform\u00e9ment aux lignes directrices de la <strong>Agence Espagnole de Protection des Donn\u00e9es<\/strong>, nous d\u00e9taillons l&rsquo;utilisation des <em>cookies<\/em> sur ce site web afin de vous informer avec la plus grande pr\u00e9cision possible.<\/p>\n<p>Ce site Web utilise les <strong><em>cookies<\/em> propres<\/strong> suivants :<\/p>\n<ul>\n<li><strong>Cookies de session<\/strong>, pour garantir que les utilisateurs sont des humains et non des applications automatis\u00e9es. Cela permet de lutter contre le <em>spam<\/em>.<\/li>\n<li><strong>cf-cookie-banner<\/strong> (cookie de session) Ce cookie est utilis\u00e9 par de nombreuses fonctionnalit\u00e9s de WordPress et pour assurer que les plugins fonctionnent correctement.<\/li>\n<li><strong>cookie_notice_accepted<\/strong> (Expiration : 30 jours) Ce cookie m\u00e9morise si le message d&rsquo;avertissement concernant les cookies a \u00e9t\u00e9 accept\u00e9, afin de ne plus l&rsquo;afficher pendant la dur\u00e9e de son activation.<\/li>\n<li><strong>gk_last_opened_widget_rules_wrap<\/strong> (Expiration : 1 an) Cookie essentiel pour le bon fonctionnement du site Web.<\/li>\n<li><strong>wfwaf-authcookie-*<\/strong> (Expiration : 1 jour) Identification du visiteur par un plugin de s\u00e9curit\u00e9 pour \u00e9viter les attaques sur le site Web.<\/li>\n<li><b>wp-settings-time-1, wp-settings-1<\/b> (Expiration : 1 jour) <b>Ces cookies sont utilis\u00e9s par WordPress pour personnaliser l&rsquo;interface utilisateur.<\/b><\/li>\n<li><strong>wordpress_sec_<\/strong> (Cookie technique de connexion)<\/li>\n<li><strong>wordpress_test_cookie<\/strong> (Cookie de session) Avertit de l&rsquo;utilisation des cookies.<\/li>\n<li><strong>wordpress_logged_in<\/strong> (cookie de session pour la connexion utilisateur)<\/li>\n<li><span class=\"st\"><strong>wp-saving-post<\/strong> <\/span> (Expiration : 1 jour) <span class=\"st\">Cookie de WordPress n\u00e9cessaire au fonctionnement de la page. Il stocke des informations sur les commentaires dans les articles.<\/span><\/li>\n<li><strong>wordfence_verifiedHuman<\/strong> (Expiration : 1 jour) <span class=\"st\"><em>Cookie<\/em> utilis\u00e9 pour assurer la s\u00e9curit\u00e9 lors de la navigation sur le site Web.<\/span><strong><\/strong><\/li>\n<li><strong>_gid<\/strong> (Expiration : 1 jour) (G\u00e9n\u00e9r\u00e9 automatiquement de mani\u00e8re transparente pour le site Web en raison de certains codes de mesure ou de tiers)<\/li>\n<\/ul>\n<p>Ce site Web utilise les <strong>cookies de tiers<\/strong> suivants :<\/p>\n<ul>\n<li><strong>Google Analytics :<\/strong> Stocke des <em>cookies<\/em> afin d&rsquo;\u00e9laborer des statistiques sur le trafic et le volume des visites de ce site Web. En utilisant ce site Web, vous consentez au traitement des informations vous concernant par Google. Par cons\u00e9quent, l&rsquo;exercice de tout droit \u00e0 ce sujet devra \u00eatre effectu\u00e9 directement aupr\u00e8s de Google.<\/li>\n<li><strong>_ga<\/strong> (Expiration : 2 ans) (Cookies de Google Analytics utilis\u00e9s pour collecter des statistiques sur les visites du site. Aide \u00e0 distinguer les utilisateurs. Les donn\u00e9es de Google Analytics ne sont pas partag\u00e9es avec d&rsquo;autres entreprises.)<\/li>\n<li><strong>_gat_gtag_<\/strong> (Expiration : 1 minute) (Cookies de Google Analytics utilis\u00e9s pour r\u00e9guler la fr\u00e9quence avec laquelle les demandes sont transmises aux serveurs de Google. Les donn\u00e9es de Google Analytics ne sont pas partag\u00e9es avec d&rsquo;autres entreprises.)<\/li>\n<\/ul>\n<h3>D\u00e9sactiver les cookies<\/h3>\n<p>Vous pouvez accepter, bloquer ou supprimer les cookies install\u00e9s sur votre appareil en modifiant les options de votre navigateur.<\/p>\n<p>Dans les liens suivants, vous trouverez des instructions pour activer ou d\u00e9sactiver les cookies sur les navigateurs les plus courants.<\/p>\n<ul>\n<li><b>Firefox<\/b> <a href=\"https:\/\/support.mozilla.org\/es\/kb\/habilitar-y-deshabilitar-cookies-que-los-sitios-we\" rel=\"nofollow\">https:\/\/support.mozilla.org\/es\/kb\/habilitar-y-deshabilitar-cookies-que-los-sitios-we<\/a><\/li>\n<li><b>Safari<\/b> <a href=\"https:\/\/support.apple.com\/es-es\/HT201265\" rel=\"nofollow\">https:\/\/support.apple.com\/es-es\/HT201265<\/a><\/li>\n<li><b>Google Chrome<\/b> <a href=\"https:\/\/support.google.com\/chrome\/answer\/95647?hl=es\" rel=\"nofollow\">https:\/\/support.google.com\/chrome\/answer\/95647?hl=es<\/a><\/li>\n<\/ul>\n<h3>Cookies de tiers<\/h3>\n<p>Le site Web utilise les services de Google Adsense et Google Analytics pour obtenir des statistiques et des donn\u00e9es publicitaires.<\/p>\n<p>Le site Web inclut d&rsquo;autres fonctionnalit\u00e9s fournies par les r\u00e9seaux sociaux. Vous pouvez partager le contenu sur vos r\u00e9seaux sociaux tels que Facebook, Twitter, Google+, Instagram ou YouTube en utilisant les boutons fournis \u00e0 cet effet ou avec les outils de partage propres aux r\u00e9seaux sociaux.<\/p>\n<h3>Avertissement sur la suppression des cookies<\/h3>\n<p>Vous pouvez supprimer et bloquer les cookies de ce site Web, mais certaines parties du site risquent de ne pas fonctionner correctement ou leur qualit\u00e9 pourrait \u00eatre affect\u00e9e.<\/p>\n<h3>Contact<\/h3>\n<p>Si vous avez des questions concernant cette Politique de Cookies ou si vous souhaitez faire des commentaires sur ce site Web, vous pouvez envoyer un e-mail \u00e0 l&rsquo;adresse <a href=\"mailto:miel@eriadevalles.es\">miel@eriadevalles.es<\/a>.<\/p>\n","protected":false},"excerpt":{"rendered":"<p>Er\u00eda de Valles Politique de cookies Conform\u00e9ment \u00e0 l&rsquo;article 22.2 de la Loi 34\/2002, du 11 juillet, sur les services de la soci\u00e9t\u00e9 de l&rsquo;information et le commerce \u00e9lectronique, le Titulaire vous informe que ce site Web utilise des cookies, ainsi que sur la politique de collecte et de traitement de ces derniers. Qu&rsquo;est-ce que &hellip;<\/p>\n","protected":false},"author":3,"featured_media":0,"parent":0,"menu_order":0,"comment_status":"closed","ping_status":"closed","template":"templates\/page-sidebar.php","meta":{"_joinchat":[],"footnotes":""},"class_list":["post-3905","page","type-page","status-publish","hentry"],"yoast_head":"<!-- This site is optimized with the Yoast SEO plugin v26.8 - https:\/\/yoast.com\/product\/yoast-seo-wordpress\/ -->\n<title>Pol\u00edtica de Cookies | Miel natural de Asturias, Er\u00eda de Valles. Sabor a tradici\u00f3n.<\/title>\n<meta name=\"robots\" content=\"index, follow, max-snippet:-1, max-image-preview:large, max-video-preview:-1\" \/>\n<link rel=\"canonical\" href=\"https:\/\/eriadevalles.es\/fr\/cookies\/\" \/>\n<meta property=\"og:locale\" content=\"fr_FR\" \/>\n<meta property=\"og:type\" content=\"article\" \/>\n<meta property=\"og:title\" content=\"Pol\u00edtica de Cookies | Miel natural de Asturias, Er\u00eda de Valles. Sabor a tradici\u00f3n.\" \/>\n<meta property=\"og:description\" content=\"Er\u00eda de Valles Politique de cookies Conform\u00e9ment \u00e0 l&rsquo;article 22.2 de la Loi 34\/2002, du 11 juillet, sur les services de la soci\u00e9t\u00e9 de l&rsquo;information et le commerce \u00e9lectronique, le Titulaire vous informe que ce site Web utilise des cookies, ainsi que sur la politique de collecte et de traitement de ces derniers. Qu&rsquo;est-ce que &hellip;\" \/>\n<meta property=\"og:url\" content=\"https:\/\/eriadevalles.es\/fr\/cookies\/\" \/>\n<meta property=\"og:site_name\" content=\"Miel natural de Asturias, Er\u00eda de Valles. Sabor a tradici\u00f3n.\" \/>\n<meta property=\"article:publisher\" content=\"https:\/\/es-es.facebook.com\/mieleriadevalles\/\" \/>\n<meta property=\"article:modified_time\" content=\"2025-03-19T10:16:29+00:00\" \/>\n<meta name=\"twitter:card\" content=\"summary_large_image\" \/>\n<meta name=\"twitter:site\" content=\"@eriadevalles\" \/>\n<meta name=\"twitter:label1\" content=\"Dur\u00e9e de lecture estim\u00e9e\" \/>\n\t<meta name=\"twitter:data1\" content=\"4 minutes\" \/>\n<script type=\"application\/ld+json\" class=\"yoast-schema-graph\">{\"@context\":\"https:\/\/schema.org\",\"@graph\":[{\"@type\":\"WebPage\",\"@id\":\"https:\/\/eriadevalles.es\/fr\/cookies\/\",\"url\":\"https:\/\/eriadevalles.es\/fr\/cookies\/\",\"name\":\"Pol\u00edtica de Cookies | Miel natural de Asturias, Er\u00eda de Valles. Sabor a tradici\u00f3n.\",\"isPartOf\":{\"@id\":\"https:\/\/eriadevalles.es\/fr\/#website\"},\"datePublished\":\"2020-06-20T09:52:43+00:00\",\"dateModified\":\"2025-03-19T10:16:29+00:00\",\"breadcrumb\":{\"@id\":\"https:\/\/eriadevalles.es\/fr\/cookies\/#breadcrumb\"},\"inLanguage\":\"fr-FR\",\"potentialAction\":[{\"@type\":\"ReadAction\",\"target\":[\"https:\/\/eriadevalles.es\/fr\/cookies\/\"]}]},{\"@type\":\"BreadcrumbList\",\"@id\":\"https:\/\/eriadevalles.es\/fr\/cookies\/#breadcrumb\",\"itemListElement\":[{\"@type\":\"ListItem\",\"position\":1,\"name\":\"Portada\",\"item\":\"https:\/\/eriadevalles.es\/fr\/\"},{\"@type\":\"ListItem\",\"position\":2,\"name\":\"Cookies\"}]},{\"@type\":\"WebSite\",\"@id\":\"https:\/\/eriadevalles.es\/fr\/#website\",\"url\":\"https:\/\/eriadevalles.es\/fr\/\",\"name\":\"Miel natural de Asturias, Er\u00eda de Valles. Sabor a tradici\u00f3n.\",\"description\":\"Tienda Online para comprar Miel Natural 100% artesana. Variedad de mieles procedentes de colmenas emplazadas en Asturias y amparadas por el sello de garant\u00eda de calidad y origen Alimentos del Para\u00edso Natural, \u00fanica marca de calidad que garantiza la procedencia de la miel.\",\"publisher\":{\"@id\":\"https:\/\/eriadevalles.es\/fr\/#organization\"},\"potentialAction\":[{\"@type\":\"SearchAction\",\"target\":{\"@type\":\"EntryPoint\",\"urlTemplate\":\"https:\/\/eriadevalles.es\/fr\/?s={search_term_string}\"},\"query-input\":{\"@type\":\"PropertyValueSpecification\",\"valueRequired\":true,\"valueName\":\"search_term_string\"}}],\"inLanguage\":\"fr-FR\"},{\"@type\":\"Organization\",\"@id\":\"https:\/\/eriadevalles.es\/fr\/#organization\",\"name\":\"Er\u00eda de Valles\",\"url\":\"https:\/\/eriadevalles.es\/fr\/\",\"logo\":{\"@type\":\"ImageObject\",\"inLanguage\":\"fr-FR\",\"@id\":\"https:\/\/eriadevalles.es\/fr\/#\/schema\/logo\/image\/\",\"url\":\"https:\/\/eriadevalles.es\/wp-content\/uploads\/2020\/06\/logo-eria-de-valles.jpg\",\"contentUrl\":\"https:\/\/eriadevalles.es\/wp-content\/uploads\/2020\/06\/logo-eria-de-valles.jpg\",\"width\":200,\"height\":120,\"caption\":\"Er\u00eda de Valles\"},\"image\":{\"@id\":\"https:\/\/eriadevalles.es\/fr\/#\/schema\/logo\/image\/\"},\"sameAs\":[\"https:\/\/es-es.facebook.com\/mieleriadevalles\/\",\"https:\/\/x.com\/eriadevalles\",\"https:\/\/www.instagram.com\/eriadevalles\/\"]}]}<\/script>\n<!-- \/ Yoast SEO plugin. -->","yoast_head_json":{"title":"Pol\u00edtica de Cookies | Miel natural de Asturias, Er\u00eda de Valles. Sabor a tradici\u00f3n.","robots":{"index":"index","follow":"follow","max-snippet":"max-snippet:-1","max-image-preview":"max-image-preview:large","max-video-preview":"max-video-preview:-1"},"canonical":"https:\/\/eriadevalles.es\/fr\/cookies\/","og_locale":"fr_FR","og_type":"article","og_title":"Pol\u00edtica de Cookies | Miel natural de Asturias, Er\u00eda de Valles. Sabor a tradici\u00f3n.","og_description":"Er\u00eda de Valles Politique de cookies Conform\u00e9ment \u00e0 l&rsquo;article 22.2 de la Loi 34\/2002, du 11 juillet, sur les services de la soci\u00e9t\u00e9 de l&rsquo;information et le commerce \u00e9lectronique, le Titulaire vous informe que ce site Web utilise des cookies, ainsi que sur la politique de collecte et de traitement de ces derniers. Qu&rsquo;est-ce que &hellip;","og_url":"https:\/\/eriadevalles.es\/fr\/cookies\/","og_site_name":"Miel natural de Asturias, Er\u00eda de Valles. Sabor a tradici\u00f3n.","article_publisher":"https:\/\/es-es.facebook.com\/mieleriadevalles\/","article_modified_time":"2025-03-19T10:16:29+00:00","twitter_card":"summary_large_image","twitter_site":"@eriadevalles","twitter_misc":{"Dur\u00e9e de lecture estim\u00e9e":"4 minutes"},"schema":{"@context":"https:\/\/schema.org","@graph":[{"@type":"WebPage","@id":"https:\/\/eriadevalles.es\/fr\/cookies\/","url":"https:\/\/eriadevalles.es\/fr\/cookies\/","name":"Pol\u00edtica de Cookies | Miel natural de Asturias, Er\u00eda de Valles. Sabor a tradici\u00f3n.","isPartOf":{"@id":"https:\/\/eriadevalles.es\/fr\/#website"},"datePublished":"2020-06-20T09:52:43+00:00","dateModified":"2025-03-19T10:16:29+00:00","breadcrumb":{"@id":"https:\/\/eriadevalles.es\/fr\/cookies\/#breadcrumb"},"inLanguage":"fr-FR","potentialAction":[{"@type":"ReadAction","target":["https:\/\/eriadevalles.es\/fr\/cookies\/"]}]},{"@type":"BreadcrumbList","@id":"https:\/\/eriadevalles.es\/fr\/cookies\/#breadcrumb","itemListElement":[{"@type":"ListItem","position":1,"name":"Portada","item":"https:\/\/eriadevalles.es\/fr\/"},{"@type":"ListItem","position":2,"name":"Cookies"}]},{"@type":"WebSite","@id":"https:\/\/eriadevalles.es\/fr\/#website","url":"https:\/\/eriadevalles.es\/fr\/","name":"Miel natural de Asturias, Er\u00eda de Valles. Sabor a tradici\u00f3n.","description":"Tienda Online para comprar Miel Natural 100% artesana. Variedad de mieles procedentes de colmenas emplazadas en Asturias y amparadas por el sello de garant\u00eda de calidad y origen Alimentos del Para\u00edso Natural, \u00fanica marca de calidad que garantiza la procedencia de la miel.","publisher":{"@id":"https:\/\/eriadevalles.es\/fr\/#organization"},"potentialAction":[{"@type":"SearchAction","target":{"@type":"EntryPoint","urlTemplate":"https:\/\/eriadevalles.es\/fr\/?s={search_term_string}"},"query-input":{"@type":"PropertyValueSpecification","valueRequired":true,"valueName":"search_term_string"}}],"inLanguage":"fr-FR"},{"@type":"Organization","@id":"https:\/\/eriadevalles.es\/fr\/#organization","name":"Er\u00eda de Valles","url":"https:\/\/eriadevalles.es\/fr\/","logo":{"@type":"ImageObject","inLanguage":"fr-FR","@id":"https:\/\/eriadevalles.es\/fr\/#\/schema\/logo\/image\/","url":"https:\/\/eriadevalles.es\/wp-content\/uploads\/2020\/06\/logo-eria-de-valles.jpg","contentUrl":"https:\/\/eriadevalles.es\/wp-content\/uploads\/2020\/06\/logo-eria-de-valles.jpg","width":200,"height":120,"caption":"Er\u00eda de Valles"},"image":{"@id":"https:\/\/eriadevalles.es\/fr\/#\/schema\/logo\/image\/"},"sameAs":["https:\/\/es-es.facebook.com\/mieleriadevalles\/","https:\/\/x.com\/eriadevalles","https:\/\/www.instagram.com\/eriadevalles\/"]}]}},"_links":{"self":[{"href":"https:\/\/eriadevalles.es\/fr\/wp-json\/wp\/v2\/pages\/3905","targetHints":{"allow":["GET"]}}],"collection":[{"href":"https:\/\/eriadevalles.es\/fr\/wp-json\/wp\/v2\/pages"}],"about":[{"href":"https:\/\/eriadevalles.es\/fr\/wp-json\/wp\/v2\/types\/page"}],"author":[{"embeddable":true,"href":"https:\/\/eriadevalles.es\/fr\/wp-json\/wp\/v2\/users\/3"}],"replies":[{"embeddable":true,"href":"https:\/\/eriadevalles.es\/fr\/wp-json\/wp\/v2\/comments?post=3905"}],"version-history":[{"count":0,"href":"https:\/\/eriadevalles.es\/fr\/wp-json\/wp\/v2\/pages\/3905\/revisions"}],"wp:attachment":[{"href":"https:\/\/eriadevalles.es\/fr\/wp-json\/wp\/v2\/media?parent=3905"}],"curies":[{"name":"wp","href":"https:\/\/api.w.org\/{rel}","templated":true}]}}