{"id":3904,"date":"2020-06-20T11:50:27","date_gmt":"2020-06-20T09:50:27","guid":{"rendered":"https:\/\/eriadevalles.es\/?page_id=3904"},"modified":"2025-03-19T11:06:10","modified_gmt":"2025-03-19T10:06:10","slug":"avis-legal","status":"publish","type":"page","link":"https:\/\/eriadevalles.es\/fr\/avis-legal\/","title":{"rendered":"Avis l\u00e9gal"},"content":{"rendered":"<div class=\"wpb-content-wrapper\">[vc_row type=\u00a0\u00bbboxed\u00a0\u00bb css=\u00a0\u00bb.vc_custom_1596584089738{margin-right: 1% !important;margin-left: 1% !important;}\u00a0\u00bb][vc_column][vc_empty_space height=\u00a0\u00bb60px\u00a0\u00bb][vc_column_text]\n<h2>Er\u00eda de Valles<\/h2>\n<h1>Avis l\u00e9gal<\/h1>\n<div style=\"width: 16%; height: 3px; background: #ffcc00; display: inline-block;\"><\/div>\n<h3>1. Donn\u00e9es Identifiables<\/h3>\n<p><strong>\/\/www.eriadevalles.es (ci-apr\u00e8s Er\u00edaDeValles)<\/strong> est un site web appartenant \u00e0 TRADICION APICOLA S.L, situ\u00e9 \u00e0 Bra\u00f1es, 25, Espagne, CIF B44617652, toute r\u00e9f\u00e9rence \u00e0 <strong>Er\u00edaDeValles<\/strong> ou \u00e0 son titulaire \u00e9tant indiff\u00e9rente.<\/p>\n<p><strong>Donn\u00e9es pour les communications<\/strong>:<\/p>\n<p><strong>T\u00e9l\u00e9phone<\/strong>: <a href=\"tel:+34620051052\">(+34) 620 051 052<\/a><\/p>\n<p><strong>E-Mail<\/strong>: <a href=\"mailto:miel@eriadevalles.es\"><em>miel@eriadevalles.es<\/em><\/a><\/p>\n<h3>2. Service d&rsquo;h\u00e9bergement<\/h3>\n<p>Les services d&rsquo;h\u00e9bergement de ce site web (ainsi que de nos bases de donn\u00e9es personnelles) sont localis\u00e9s dans le Data Center Europe-Amsterdam : <strong>209.124.66.5,<\/strong> serveur avec <strong>support SSL <span class=\"_Tgc\">\u00ab\u00a0Secure Sockets Layer\u00a0\u00bb<\/span> <\/strong>fourni par A2 Hosting Inc. marque commerciale de A2 Hosting Corporate avec si\u00e8ge social \u00e0 P.O. Box 2998, Ann Arbor, Michigan 48106, <a href=\"mailto:bmuthig@a2hosting.com\">bmuthig@a2hosting.com<\/a>, T\u00e9l\u00e9phone : <a href=\"tel:%28734%29%20222-4678\">(734) 222-4678<\/a><br \/>\nA2 Hosting Inc. est soumis \u00e0 l&rsquo;accord Privacy Shield (ou \u201cBouclier de confidentialit\u00e9\u201d) qui r\u00e9gule les transferts internationaux de donn\u00e9es entre l&rsquo;UE et les \u00c9tats-Unis.<\/p>\n<h3>3. Utilisation du site web<\/h3>\n<p>L&rsquo;acc\u00e8s et\/ou l&rsquo;utilisation du site http:\/\/www.eriadevalles.es\/ attribue la condition d&rsquo;<strong>UTILISATEUR, qui accepte<\/strong>, d\u00e8s cet acc\u00e8s et\/ou utilisation, <strong>les Conditions d&rsquo;Utilisation<\/strong> ici mentionn\u00e9es. Ces Conditions s&rsquo;appliqueront ind\u00e9pendamment des <a href=\"https:\/\/eriadevalles.es\/condiciones-generales-de-venta\/\"><strong>Conditions G\u00e9n\u00e9rales de Vente<\/strong><\/a> qui, le cas \u00e9ch\u00e9ant, sont d&rsquo;application obligatoire.<br \/>\nLe site web <strong>Er\u00edaDeValles<\/strong> permet l&rsquo;acc\u00e8s \u00e0 des informations et la promotion de services, programmes ou donn\u00e9es (ci-apr\u00e8s \u00ab\u00a0les contenus\u00a0\u00bb) sur Internet appartenant \u00e0 <strong>Er\u00edaDeValles<\/strong> ou \u00e0 ses conc\u00e9dants auxquels l&rsquo;UTILISATEUR peut avoir acc\u00e8s. L&rsquo;UTILISATEUR accepte que l&rsquo;utilisation du portail, des contenus et\/ou des services se fasse sous sa seule et exclusive responsabilit\u00e9. Cette responsabilit\u00e9 s&rsquo;\u00e9tend \u00e0 l&rsquo;enregistrement n\u00e9cessaire pour acc\u00e9der \u00e0 certains services ou contenus. Lors de cet enregistrement, l&rsquo;UTILISATEUR sera responsable de fournir des informations v\u00e9ridiques et l\u00e9gales. \u00c0 la suite de cet enregistrement, un mot de passe pourra \u00eatre fourni \u00e0 l&rsquo;UTILISATEUR, qui en sera responsable, et s&rsquo;engage \u00e0 l&rsquo;utiliser de mani\u00e8re diligente et proportionn\u00e9e.<\/p>\n<h3>4. Propri\u00e9t\u00e9 Intellectuelle et Industrielle<\/h3>\n<p><strong>Er\u00edaDeValles<\/strong>, soit de mani\u00e8re directe soit en tant que cessionnaire, est titulaire de tous les droits de propri\u00e9t\u00e9 intellectuelle et industrielle de son portail, ainsi que des \u00e9l\u00e9ments qu&rsquo;il contient (y compris, \u00e0 titre indicatif, images, sons, audios, vid\u00e9os, logiciels ou textes ; marques ou logos, combinaisons de couleurs, structure et design, s\u00e9lection des mat\u00e9riaux utilis\u00e9s, programmes informatiques n\u00e9cessaires \u00e0 son fonctionnement, acc\u00e8s et utilisation, etc&#8230;), et ce, qu&rsquo;ils soient la propri\u00e9t\u00e9 de <strong>Er\u00edaDeValles<\/strong> ou de ses conc\u00e9dants. <strong>La reproduction, la distribution et la communication publique, y compris leur mise \u00e0 disposition, de tout ou partie des contenus de ce site web \u00e0 des fins commerciales, sur tout support et par tout moyen technique, sont express\u00e9ment interdites sans l&rsquo;autorisation d&rsquo;Er\u00edaDeValles.<\/strong> L&rsquo;<strong>UTILISATEUR<\/strong> s&rsquo;engage \u00e0 respecter les droits de Propri\u00e9t\u00e9 Intellectuelle et Industrielle de <strong>Er\u00edaDeValles<\/strong>. Aucun lien ne pourra \u00eatre \u00e9tabli vers le portail \u00e0 partir de tout autre site web sans le consentement pr\u00e9alable et explicite de <strong>Er\u00edaDeValles<\/strong>.<\/p>\n<h3>5. Exclusion de garanties et responsabilit\u00e9<\/h3>\n<p><strong>Er\u00edaDeValles<\/strong> ne saurait \u00eatre tenu responsable, en aucun cas, des dommages et pertes de toute nature qui pourraient survenir, \u00e0 titre d&rsquo;exemple : erreurs ou omissions dans les contenus, indisponibilit\u00e9 du portail ou transmission de virus ou programmes malveillants ou nuisibles dans les contenus, malgr\u00e9 l&rsquo;adoption de toutes les mesures technologiques n\u00e9cessaires pour \u00e9viter cela.<\/p>\n<h3>6. Politique de confidentialit\u00e9<\/h3>\n<p>Conform\u00e9ment \u00e0 la Loi Organique 15\/1999 du 13 d\u00e9cembre sur la Protection des Donn\u00e9es \u00e0 Caract\u00e8re Personnel (LOPD), l&rsquo;utilisateur est inform\u00e9 que toutes les donn\u00e9es qu&rsquo;il fournira seront int\u00e9gr\u00e9es dans un fichier, cr\u00e9\u00e9 et maintenu sous la responsabilit\u00e9 de <strong>Er\u00edaDeValles<\/strong>.<\/p>\n<p>La confidentialit\u00e9 de vos donn\u00e9es personnelles sera toujours respect\u00e9e et celles-ci ne seront utilis\u00e9es que dans le but de g\u00e9rer les services offerts, r\u00e9pondre \u00e0 vos demandes, formaliser les d\u00e9marches de vente, effectuer des t\u00e2ches administratives, ainsi que pour envoyer des informations techniques, commerciales ou publicitaires par voie ordinaire ou \u00e9lectronique.<\/p>\n<p>Pour exercer vos droits d&rsquo;opposition, de rectification ou d&rsquo;annulation, veuillez nous \u00e9crire \u00e0 l&rsquo;adresse suivante : <a href=\"mailto:miel@eriadevalles.es\"><em>miel@eriadevalles.es<\/em><\/a> ou nous appeler au <a href=\"tel:+34620051052\">(+34) 620 051 052<\/a>.<\/p>\n<p>Pour plus d&rsquo;informations, consultez notre <a href=\"https:\/\/eriadevalles.es\/fr\/politique-de-confidentialite\/\">Politique de Confidentialit\u00e9<\/a>.<\/p>\n<h3>7. Utilisation des cookies et des liens<\/h3>\n<p><strong>Er\u00edaDeValles<\/strong> peut activer des cookies permettant de reconna\u00eetre l&rsquo;utilisateur afin d&rsquo;am\u00e9liorer les services qu&rsquo;il fournit et de faciliter au maximum la navigation de l&rsquo;utilisateur sur ses sites web. Les cookies sont associ\u00e9s uniquement \u00e0 un utilisateur anonyme et \u00e0 son ordinateur et ne fournissent aucune information permettant d&rsquo;en d\u00e9duire des donn\u00e9es personnelles de l&rsquo;utilisateur. L&rsquo;UTILISATEUR a la possibilit\u00e9 d&#8217;emp\u00eacher la g\u00e9n\u00e9ration de cookies en s\u00e9lectionnant l&rsquo;option correspondante dans son navigateur.<\/p>\n<p><strong>Er\u00edaDeValles<\/strong> met \u00e0 la disposition des UTILISATEURS des liens ou hyperliens vers d&rsquo;autres sites Internet \u00e0 des fins purement informatives, mais sans que <strong>Er\u00edaDeValles<\/strong> connaisse, contr\u00f4le, approuve ou recommande les contenus, produits ou services fournis par les sites web auxquels ces liens m\u00e8nent. Par cons\u00e9quent, <strong>Er\u00edaDeValles<\/strong> n&rsquo;assume aucune responsabilit\u00e9 concernant tout aspect relatif au site web auquel un lien ou un hyperlien m\u00e8ne. De m\u00eame, l&rsquo;inclusion de ces connexions externes n&rsquo;impliquera aucune forme d&rsquo;association, de fusion ou de participation avec les entit\u00e9s connect\u00e9es.<\/p>\n<h3>8. Newsletter<\/h3>\n<p>La confirmation d&rsquo;inscription \u00e0 la r\u00e9ception de notre <strong>Newsletter<\/strong> implique l&rsquo;acceptation pleine et expresse des conditions d&rsquo;utilisation.<\/p>\n<p>Une fois l&rsquo;inscription confirm\u00e9e, notre <strong>Newsletter<\/strong> sera envoy\u00e9e par email plusieurs fois par semaine, selon la politique de publication et de commercialisation de <strong>Er\u00edaDeValles<\/strong>. La <strong>Newsletter<\/strong> contiendra des informations sur des produits, des actions, des concours et d&rsquo;autres nouveaut\u00e9s de <strong>Er\u00edaDeValles<\/strong>.<\/p>\n<p>Apr\u00e8s le consentement express pour l&rsquo;inscription \u00e0 la Newsletter, nous proc\u00e9derons \u00e0 \u00e9valuer les contenus les plus int\u00e9ressants pour le destinataire, toujours dans le but d&rsquo;optimiser notre offre client.<\/p>\n<p>Il est possible de r\u00e9voquer \u00e0 tout moment le consentement \u00e0 la r\u00e9ception de la Newsletter sur notre site web. Le lien correspondant se trouve ici ou dans toute <strong>Newsletter<\/strong> que vous recevrez.<\/p>\n<h3>9. Modifications des Conditions d&rsquo;Utilisation et des Contenus<\/h3>\n<p><strong>Er\u00edaDeValles<\/strong> peut, \u00e0 tout moment et sans pr\u00e9avis, modifier ces Conditions d&rsquo;Utilisation, ainsi que les conditions particuli\u00e8res qui, le cas \u00e9ch\u00e9ant, sont incluses, par la publication de ces modifications sur le portail afin qu&rsquo;elles puissent \u00eatre connues des UTILISATEURS. De m\u00eame, <strong>Er\u00edaDeV<\/p>\n<\/div>","protected":false},"excerpt":{"rendered":"<p>[vc_row type=\u00a0\u00bbboxed\u00a0\u00bb css=\u00a0\u00bb.vc_custom_1596584089738{margin-right: 1% !important;margin-left: 1% !important;}\u00a0\u00bb][vc_column][vc_empty_space height=\u00a0\u00bb60px\u00a0\u00bb][vc_column_text] Er\u00eda de Valles Avis l\u00e9gal 1. Donn\u00e9es Identifiables \/\/www.eriadevalles.es (ci-apr\u00e8s Er\u00edaDeValles) est un site web appartenant \u00e0 TRADICION APICOLA S.L, situ\u00e9 \u00e0 Bra\u00f1es, 25, Espagne, CIF B44617652, toute r\u00e9f\u00e9rence \u00e0 Er\u00edaDeValles ou \u00e0 son titulaire \u00e9tant indiff\u00e9rente. Donn\u00e9es pour les communications: T\u00e9l\u00e9phone: (+34) 620 051 052 E-Mail: &hellip;<\/p>\n","protected":false},"author":5,"featured_media":0,"parent":0,"menu_order":0,"comment_status":"closed","ping_status":"closed","template":"templates\/page-sidebar.php","meta":{"_joinchat":[],"footnotes":""},"class_list":["post-3904","page","type-page","status-publish","hentry"],"yoast_head":"<!-- This site is optimized with the Yoast SEO plugin v26.8 - https:\/\/yoast.com\/product\/yoast-seo-wordpress\/ -->\n<title>Avis l\u00e9gal | Miel natural de Asturias, Er\u00eda de Valles. Sabor a tradici\u00f3n.<\/title>\n<meta name=\"robots\" content=\"index, follow, max-snippet:-1, max-image-preview:large, max-video-preview:-1\" \/>\n<link rel=\"canonical\" href=\"https:\/\/eriadevalles.es\/fr\/avis-legal\/\" \/>\n<meta property=\"og:locale\" content=\"fr_FR\" \/>\n<meta property=\"og:type\" content=\"article\" \/>\n<meta property=\"og:title\" content=\"Avis l\u00e9gal | Miel natural de Asturias, Er\u00eda de Valles. Sabor a tradici\u00f3n.\" \/>\n<meta property=\"og:description\" content=\"[vc_row type=\u00a0\u00bbboxed\u00a0\u00bb css=\u00a0\u00bb.vc_custom_1596584089738{margin-right: 1% !important;margin-left: 1% !important;}\u00a0\u00bb][vc_column][vc_empty_space height=\u00a0\u00bb60px\u00a0\u00bb][vc_column_text] Er\u00eda de Valles Avis l\u00e9gal 1. Donn\u00e9es Identifiables \/\/www.eriadevalles.es (ci-apr\u00e8s Er\u00edaDeValles) est un site web appartenant \u00e0 TRADICION APICOLA S.L, situ\u00e9 \u00e0 Bra\u00f1es, 25, Espagne, CIF B44617652, toute r\u00e9f\u00e9rence \u00e0 Er\u00edaDeValles ou \u00e0 son titulaire \u00e9tant indiff\u00e9rente. Donn\u00e9es pour les communications: T\u00e9l\u00e9phone: (+34) 620 051 052 E-Mail: &hellip;\" \/>\n<meta property=\"og:url\" content=\"https:\/\/eriadevalles.es\/fr\/avis-legal\/\" \/>\n<meta property=\"og:site_name\" content=\"Miel natural de Asturias, Er\u00eda de Valles. Sabor a tradici\u00f3n.\" \/>\n<meta property=\"article:publisher\" content=\"https:\/\/es-es.facebook.com\/mieleriadevalles\/\" \/>\n<meta property=\"article:modified_time\" content=\"2025-03-19T10:06:10+00:00\" \/>\n<meta name=\"twitter:card\" content=\"summary_large_image\" \/>\n<meta name=\"twitter:site\" content=\"@eriadevalles\" \/>\n<script type=\"application\/ld+json\" class=\"yoast-schema-graph\">{\"@context\":\"https:\/\/schema.org\",\"@graph\":[{\"@type\":\"WebPage\",\"@id\":\"https:\/\/eriadevalles.es\/fr\/avis-legal\/\",\"url\":\"https:\/\/eriadevalles.es\/fr\/avis-legal\/\",\"name\":\"Avis l\u00e9gal | Miel natural de Asturias, Er\u00eda de Valles. Sabor a tradici\u00f3n.\",\"isPartOf\":{\"@id\":\"https:\/\/eriadevalles.es\/fr\/#website\"},\"datePublished\":\"2020-06-20T09:50:27+00:00\",\"dateModified\":\"2025-03-19T10:06:10+00:00\",\"breadcrumb\":{\"@id\":\"https:\/\/eriadevalles.es\/fr\/avis-legal\/#breadcrumb\"},\"inLanguage\":\"fr-FR\",\"potentialAction\":[{\"@type\":\"ReadAction\",\"target\":[\"https:\/\/eriadevalles.es\/fr\/avis-legal\/\"]}]},{\"@type\":\"BreadcrumbList\",\"@id\":\"https:\/\/eriadevalles.es\/fr\/avis-legal\/#breadcrumb\",\"itemListElement\":[{\"@type\":\"ListItem\",\"position\":1,\"name\":\"Portada\",\"item\":\"https:\/\/eriadevalles.es\/fr\/\"},{\"@type\":\"ListItem\",\"position\":2,\"name\":\"Avis l\u00e9gal\"}]},{\"@type\":\"WebSite\",\"@id\":\"https:\/\/eriadevalles.es\/fr\/#website\",\"url\":\"https:\/\/eriadevalles.es\/fr\/\",\"name\":\"Miel natural de Asturias, Er\u00eda de Valles. Sabor a tradici\u00f3n.\",\"description\":\"Tienda Online para comprar Miel Natural 100% artesana. Variedad de mieles procedentes de colmenas emplazadas en Asturias y amparadas por el sello de garant\u00eda de calidad y origen Alimentos del Para\u00edso Natural, \u00fanica marca de calidad que garantiza la procedencia de la miel.\",\"publisher\":{\"@id\":\"https:\/\/eriadevalles.es\/fr\/#organization\"},\"potentialAction\":[{\"@type\":\"SearchAction\",\"target\":{\"@type\":\"EntryPoint\",\"urlTemplate\":\"https:\/\/eriadevalles.es\/fr\/?s={search_term_string}\"},\"query-input\":{\"@type\":\"PropertyValueSpecification\",\"valueRequired\":true,\"valueName\":\"search_term_string\"}}],\"inLanguage\":\"fr-FR\"},{\"@type\":\"Organization\",\"@id\":\"https:\/\/eriadevalles.es\/fr\/#organization\",\"name\":\"Er\u00eda de Valles\",\"url\":\"https:\/\/eriadevalles.es\/fr\/\",\"logo\":{\"@type\":\"ImageObject\",\"inLanguage\":\"fr-FR\",\"@id\":\"https:\/\/eriadevalles.es\/fr\/#\/schema\/logo\/image\/\",\"url\":\"https:\/\/eriadevalles.es\/wp-content\/uploads\/2020\/06\/logo-eria-de-valles.jpg\",\"contentUrl\":\"https:\/\/eriadevalles.es\/wp-content\/uploads\/2020\/06\/logo-eria-de-valles.jpg\",\"width\":200,\"height\":120,\"caption\":\"Er\u00eda de Valles\"},\"image\":{\"@id\":\"https:\/\/eriadevalles.es\/fr\/#\/schema\/logo\/image\/\"},\"sameAs\":[\"https:\/\/es-es.facebook.com\/mieleriadevalles\/\",\"https:\/\/x.com\/eriadevalles\",\"https:\/\/www.instagram.com\/eriadevalles\/\"]}]}<\/script>\n<!-- \/ Yoast SEO plugin. -->","yoast_head_json":{"title":"Avis l\u00e9gal | Miel natural de Asturias, Er\u00eda de Valles. Sabor a tradici\u00f3n.","robots":{"index":"index","follow":"follow","max-snippet":"max-snippet:-1","max-image-preview":"max-image-preview:large","max-video-preview":"max-video-preview:-1"},"canonical":"https:\/\/eriadevalles.es\/fr\/avis-legal\/","og_locale":"fr_FR","og_type":"article","og_title":"Avis l\u00e9gal | Miel natural de Asturias, Er\u00eda de Valles. Sabor a tradici\u00f3n.","og_description":"[vc_row type=\u00a0\u00bbboxed\u00a0\u00bb css=\u00a0\u00bb.vc_custom_1596584089738{margin-right: 1% !important;margin-left: 1% !important;}\u00a0\u00bb][vc_column][vc_empty_space height=\u00a0\u00bb60px\u00a0\u00bb][vc_column_text] Er\u00eda de Valles Avis l\u00e9gal 1. Donn\u00e9es Identifiables \/\/www.eriadevalles.es (ci-apr\u00e8s Er\u00edaDeValles) est un site web appartenant \u00e0 TRADICION APICOLA S.L, situ\u00e9 \u00e0 Bra\u00f1es, 25, Espagne, CIF B44617652, toute r\u00e9f\u00e9rence \u00e0 Er\u00edaDeValles ou \u00e0 son titulaire \u00e9tant indiff\u00e9rente. Donn\u00e9es pour les communications: T\u00e9l\u00e9phone: (+34) 620 051 052 E-Mail: &hellip;","og_url":"https:\/\/eriadevalles.es\/fr\/avis-legal\/","og_site_name":"Miel natural de Asturias, Er\u00eda de Valles. Sabor a tradici\u00f3n.","article_publisher":"https:\/\/es-es.facebook.com\/mieleriadevalles\/","article_modified_time":"2025-03-19T10:06:10+00:00","twitter_card":"summary_large_image","twitter_site":"@eriadevalles","schema":{"@context":"https:\/\/schema.org","@graph":[{"@type":"WebPage","@id":"https:\/\/eriadevalles.es\/fr\/avis-legal\/","url":"https:\/\/eriadevalles.es\/fr\/avis-legal\/","name":"Avis l\u00e9gal | Miel natural de Asturias, Er\u00eda de Valles. Sabor a tradici\u00f3n.","isPartOf":{"@id":"https:\/\/eriadevalles.es\/fr\/#website"},"datePublished":"2020-06-20T09:50:27+00:00","dateModified":"2025-03-19T10:06:10+00:00","breadcrumb":{"@id":"https:\/\/eriadevalles.es\/fr\/avis-legal\/#breadcrumb"},"inLanguage":"fr-FR","potentialAction":[{"@type":"ReadAction","target":["https:\/\/eriadevalles.es\/fr\/avis-legal\/"]}]},{"@type":"BreadcrumbList","@id":"https:\/\/eriadevalles.es\/fr\/avis-legal\/#breadcrumb","itemListElement":[{"@type":"ListItem","position":1,"name":"Portada","item":"https:\/\/eriadevalles.es\/fr\/"},{"@type":"ListItem","position":2,"name":"Avis l\u00e9gal"}]},{"@type":"WebSite","@id":"https:\/\/eriadevalles.es\/fr\/#website","url":"https:\/\/eriadevalles.es\/fr\/","name":"Miel natural de Asturias, Er\u00eda de Valles. Sabor a tradici\u00f3n.","description":"Tienda Online para comprar Miel Natural 100% artesana. Variedad de mieles procedentes de colmenas emplazadas en Asturias y amparadas por el sello de garant\u00eda de calidad y origen Alimentos del Para\u00edso Natural, \u00fanica marca de calidad que garantiza la procedencia de la miel.","publisher":{"@id":"https:\/\/eriadevalles.es\/fr\/#organization"},"potentialAction":[{"@type":"SearchAction","target":{"@type":"EntryPoint","urlTemplate":"https:\/\/eriadevalles.es\/fr\/?s={search_term_string}"},"query-input":{"@type":"PropertyValueSpecification","valueRequired":true,"valueName":"search_term_string"}}],"inLanguage":"fr-FR"},{"@type":"Organization","@id":"https:\/\/eriadevalles.es\/fr\/#organization","name":"Er\u00eda de Valles","url":"https:\/\/eriadevalles.es\/fr\/","logo":{"@type":"ImageObject","inLanguage":"fr-FR","@id":"https:\/\/eriadevalles.es\/fr\/#\/schema\/logo\/image\/","url":"https:\/\/eriadevalles.es\/wp-content\/uploads\/2020\/06\/logo-eria-de-valles.jpg","contentUrl":"https:\/\/eriadevalles.es\/wp-content\/uploads\/2020\/06\/logo-eria-de-valles.jpg","width":200,"height":120,"caption":"Er\u00eda de Valles"},"image":{"@id":"https:\/\/eriadevalles.es\/fr\/#\/schema\/logo\/image\/"},"sameAs":["https:\/\/es-es.facebook.com\/mieleriadevalles\/","https:\/\/x.com\/eriadevalles","https:\/\/www.instagram.com\/eriadevalles\/"]}]}},"_links":{"self":[{"href":"https:\/\/eriadevalles.es\/fr\/wp-json\/wp\/v2\/pages\/3904","targetHints":{"allow":["GET"]}}],"collection":[{"href":"https:\/\/eriadevalles.es\/fr\/wp-json\/wp\/v2\/pages"}],"about":[{"href":"https:\/\/eriadevalles.es\/fr\/wp-json\/wp\/v2\/types\/page"}],"author":[{"embeddable":true,"href":"https:\/\/eriadevalles.es\/fr\/wp-json\/wp\/v2\/users\/5"}],"replies":[{"embeddable":true,"href":"https:\/\/eriadevalles.es\/fr\/wp-json\/wp\/v2\/comments?post=3904"}],"version-history":[{"count":1,"href":"https:\/\/eriadevalles.es\/fr\/wp-json\/wp\/v2\/pages\/3904\/revisions"}],"predecessor-version":[{"id":3909,"href":"https:\/\/eriadevalles.es\/fr\/wp-json\/wp\/v2\/pages\/3904\/revisions\/3909"}],"wp:attachment":[{"href":"https:\/\/eriadevalles.es\/fr\/wp-json\/wp\/v2\/media?parent=3904"}],"curies":[{"name":"wp","href":"https:\/\/api.w.org\/{rel}","templated":true}]}}