{"id":3903,"date":"2024-01-19T13:20:57","date_gmt":"2024-01-19T12:20:57","guid":{"rendered":"https:\/\/eriadevalles.es\/?page_id=3903"},"modified":"2025-03-19T11:03:46","modified_gmt":"2025-03-19T10:03:46","slug":"preguntas-frecuentes","status":"publish","type":"page","link":"https:\/\/eriadevalles.es\/fr\/preguntas-frecuentes\/","title":{"rendered":"Preguntas frecuentes"},"content":{"rendered":"<div class=\"wpb-content-wrapper\">[vc_row type=\u00a0\u00bbboxed\u00a0\u00bb css=\u00a0\u00bb.vc_custom_1596584089738{margin-right: 1% !important;margin-left: 1% !important;}\u00a0\u00bb][vc_column][vc_empty_space height=\u00a0\u00bb60px\u00a0\u00bb][vc_column_text]\n<h2>Er\u00eda de Valles<\/h2>\n<h1>Questions fr\u00e9quemment pos\u00e9es &#8211; Produit<\/h1>\n<div style=\"width: 16%; height: 3px; background: #ffcc00; display: inline-block;\"><\/div>\n<h3>1. Le produit est-il vraiment naturel ? Le produit est-il artisanal ?<\/h3>\n<p>Le miel est un produit 100% naturel, car il ne subit aucune transformation. Le processus d&rsquo;extraction du miel r\u00e9alis\u00e9 dans nos installations implique de faire passer le produit par une s\u00e9rie de machines pour extraire le miel des rayons, mais tout au long du processus, le produit ne se transforme pas, c&rsquo;est pourquoi il s&rsquo;agit d&rsquo;un aliment 100% naturel, et dans notre cas artisanal.<\/p>\n<h3>2. Qu&rsquo;est-ce que le miel cru ? Qu&rsquo;est-ce que le miel non filtr\u00e9 ? Quand le miel est-il pasteuris\u00e9 ?<\/h3>\n<p>Ce que l&rsquo;on appelle le miel cru est celui qui est <strong>extrait sans \u00eatre filtr\u00e9 ni pasteuris\u00e9<\/strong>. Pour assurer l&rsquo;\u00e9limination des impuret\u00e9s, des cires, des r\u00e9sidus animaux&#8230; et pour adopter de bonnes pratiques d&rsquo;extraction, il est n\u00e9cessaire que le miel passe par un filtre avant d&rsquo;\u00eatre mis en pot. <strong>Ce filtrage n&rsquo;affecte aucune propri\u00e9t\u00e9 du produit<\/strong>, et bien s\u00fbr n&rsquo;\u00e9limine pas le pollen, ce qui se produit avec l&rsquo;ultrafiltration. Le miel pasteuris\u00e9 est celui qui subit un processus de chauffage sup\u00e9rieur \u00e0 80\u00ba. Dans notre traitement du miel, la temp\u00e9rature ne d\u00e9passe jamais les 35\u00ba, ce qui permet \u00e0 notre miel de conserver toutes ses propri\u00e9t\u00e9s.<\/p>\n<h3>3. Pourquoi le miel cristallise-t-il ? Le miel cristallis\u00e9 est-il plus naturel que le miel liquide ?<\/h3>\n<p>La cristallisation est un processus naturel de cet aliment, \u00e9tant une solution satur\u00e9e de sucres, la tendance est \u00e0 la formation de cristaux. Ainsi, le miel, par nature, peut cristalliser, mais ce processus varie dans le temps en fonction du type de miel, donc un miel liquide n&rsquo;est pas n\u00e9cessairement moins naturel qu&rsquo;un miel cristallis\u00e9. Pour le d\u00e9-cristalliser, mettez-le au bain-marie sans que le produit d\u00e9passe 40\u00ba.<\/p>\n<h3>4. Le miel fonc\u00e9 est-il meilleur que le clair ?<\/h3>\n<p>Non. Les miels fonc\u00e9s sont plus forts et plus amers que les clairs, mais cela ne signifie pas une meilleure qualit\u00e9.<\/p>\n<h3>5. Comment conna\u00eetre l&rsquo;origine du miel ?<\/h3>\n<p>La meilleure fa\u00e7on de conna\u00eetre l&rsquo;origine du miel est de lire l&rsquo;\u00e9tiquette. Tout miel doit indiquer son origine, s&rsquo;il est national, il indiquera : Origine Espagne. De plus, dans notre cas, pour garantir l&rsquo;origine asturienne de notre miel, nos produits sont certifi\u00e9s par le label de qualit\u00e9 \u00ab\u00a0Alimentos del Para\u00edso Natural\u00a0\u00bb. Tous nos miels sont produits, r\u00e9colt\u00e9s et mis en pot en Asturies.<\/p>\n<h3>6. Quel est le miel le plus adapt\u00e9 pour les affections respiratoires ?<\/h3>\n<p>Le miel d&rsquo;eucalyptus est particuli\u00e8rement recommand\u00e9 pour ce type de pathologies.[\/vc_column_text][vc_column_text]\n<h2>Er\u00eda de Valles<\/h2>\n<h1>Questions fr\u00e9quemment pos\u00e9es &#8211; Exp\u00e9dition\/Incidents<\/h1>\n<div style=\"width: 16%; height: 3px; background: #ffcc00; display: inline-block;\"><\/div>\n<h3>1. Combien co\u00fbte l&rsquo;exp\u00e9dition ?<\/h3>\n<p>Voici un tableau d\u00e9taillant les frais d&rsquo;exp\u00e9dition en fonction de la zone d&rsquo;exp\u00e9dition et du poids de la commande.<\/p>\n<table>\n<thead>\n<tr>\n<th><\/th>\n<th>De 0 \u00e0 10kg<\/th>\n<th>De 10 \u00e0 20kg<\/th>\n<th>De 20 \u00e0 40kg<\/th>\n<th>Plus de 40kg<\/th>\n<\/tr>\n<\/thead>\n<tbody>\n<tr>\n<td>R\u00c9GIONAL<\/td>\n<td>4,95\u20ac<\/td>\n<td>5,95\u20ac<\/td>\n<td>8,95\u20ac<\/td>\n<td>Consulter<\/td>\n<\/tr>\n<tr>\n<td>P\u00c9NINSULAIRE<\/td>\n<td>6,95\u20ac<\/td>\n<td>10,95\u20ac<\/td>\n<td>19,95\u20ac<\/td>\n<td>Consulter<\/td>\n<\/tr>\n<\/tbody>\n<\/table>\n<h3><\/h3>\n<h3>O\u00f9 livrez-vous ?<\/h3>\n<p>Les commandes sont exp\u00e9di\u00e9es automatiquement depuis notre boutique en ligne vers la p\u00e9ninsule. Pour les exp\u00e9ditions vers d&rsquo;autres zones, veuillez nous contacter \u00e0 : <a href=\"mailto:miel@eriadevalles.es\">miel@eriadevalles.es<\/a><\/p>\n<h3>Combien de temps faudra-t-il pour recevoir ma commande ?<\/h3>\n<p>Le traitement de la commande prend 24 h \u00e0 partir de son enregistrement. L&rsquo;agence livrera le colis 24\/48 h apr\u00e8s sa r\u00e9ception. Les jours ouvrables sont pris en compte pour ces d\u00e9lais.<\/p>\n<h3>Puis-je suivre l&rsquo;\u00e9tat de l&rsquo;exp\u00e9dition ?<\/h3>\n<p>Si vous le souhaitez, vous pouvez nous contacter \u00e0 : <a href=\"mailto:miel@eriadevalles.es\">miel@eriadevalles.es<\/a> et nous vous fournirons le code de suivi de votre exp\u00e9dition.<\/p>\n<h3>Les retours sont-ils autoris\u00e9s ?<\/h3>\n<p>Les retours ne sont pas autoris\u00e9s sauf si le produit est d\u00e9fectueux, endommag\u00e9 ou en mauvais \u00e9tat. Dans ce cas, nous nous chargerons des d\u00e9marches pour le retour et assumerons les frais apr\u00e8s avoir v\u00e9rifi\u00e9 les anomalies signal\u00e9es.<\/p>\n<h3>Que faire si le produit est arriv\u00e9 endommag\u00e9 ?<\/h3>\n<p>Contactez-nous \u00e0 : <a href=\"mailto:miel@eriadevalles.es\">miel@eriadevalles.es<\/a> et nous trouverons une solution d\u00e8s que possible.<\/p>\n<h3>Comment puis-je vous contacter ?<\/h3>\n<p>Vous pouvez nous contacter via le formulaire sur notre site web, ou par email \u00e0 : <a href=\"mailto:miel@eriadevalles.es\">miel@eriadevalles.es<\/a>[\/vc_column_text][\/vc_column][\/vc_row]\n<\/div>","protected":false},"excerpt":{"rendered":"<p>[vc_row type=\u00a0\u00bbboxed\u00a0\u00bb css=\u00a0\u00bb.vc_custom_1596584089738{margin-right: 1% !important;margin-left: 1% !important;}\u00a0\u00bb][vc_column][vc_empty_space height=\u00a0\u00bb60px\u00a0\u00bb][vc_column_text] Er\u00eda de Valles Questions fr\u00e9quemment pos\u00e9es &#8211; Produit 1. Le produit est-il vraiment naturel ? Le produit est-il artisanal ? Le miel est un produit 100% naturel, car il ne subit aucune transformation. Le processus d&rsquo;extraction du miel r\u00e9alis\u00e9 dans nos installations implique de faire passer le &hellip;<\/p>\n","protected":false},"author":5,"featured_media":0,"parent":0,"menu_order":0,"comment_status":"closed","ping_status":"closed","template":"","meta":{"_joinchat":[],"footnotes":""},"class_list":["post-3903","page","type-page","status-publish","hentry"],"yoast_head":"<!-- This site is optimized with the Yoast SEO plugin v26.8 - https:\/\/yoast.com\/product\/yoast-seo-wordpress\/ -->\n<title>Preguntas frecuentes | Miel natural de Asturias, Er\u00eda de Valles. Sabor a tradici\u00f3n.<\/title>\n<meta name=\"robots\" content=\"index, follow, max-snippet:-1, max-image-preview:large, max-video-preview:-1\" \/>\n<link rel=\"canonical\" href=\"https:\/\/eriadevalles.es\/fr\/preguntas-frecuentes\/\" \/>\n<meta property=\"og:locale\" content=\"fr_FR\" \/>\n<meta property=\"og:type\" content=\"article\" \/>\n<meta property=\"og:title\" content=\"Preguntas frecuentes | Miel natural de Asturias, Er\u00eda de Valles. Sabor a tradici\u00f3n.\" \/>\n<meta property=\"og:description\" content=\"[vc_row type=\u00a0\u00bbboxed\u00a0\u00bb css=\u00a0\u00bb.vc_custom_1596584089738{margin-right: 1% !important;margin-left: 1% !important;}\u00a0\u00bb][vc_column][vc_empty_space height=\u00a0\u00bb60px\u00a0\u00bb][vc_column_text] Er\u00eda de Valles Questions fr\u00e9quemment pos\u00e9es &#8211; Produit 1. Le produit est-il vraiment naturel ? Le produit est-il artisanal ? Le miel est un produit 100% naturel, car il ne subit aucune transformation. Le processus d&rsquo;extraction du miel r\u00e9alis\u00e9 dans nos installations implique de faire passer le &hellip;\" \/>\n<meta property=\"og:url\" content=\"https:\/\/eriadevalles.es\/fr\/preguntas-frecuentes\/\" \/>\n<meta property=\"og:site_name\" content=\"Miel natural de Asturias, Er\u00eda de Valles. Sabor a tradici\u00f3n.\" \/>\n<meta property=\"article:publisher\" content=\"https:\/\/es-es.facebook.com\/mieleriadevalles\/\" \/>\n<meta property=\"article:modified_time\" content=\"2025-03-19T10:03:46+00:00\" \/>\n<meta name=\"twitter:card\" content=\"summary_large_image\" \/>\n<meta name=\"twitter:site\" content=\"@eriadevalles\" \/>\n<script type=\"application\/ld+json\" class=\"yoast-schema-graph\">{\"@context\":\"https:\/\/schema.org\",\"@graph\":[{\"@type\":\"WebPage\",\"@id\":\"https:\/\/eriadevalles.es\/fr\/preguntas-frecuentes\/\",\"url\":\"https:\/\/eriadevalles.es\/fr\/preguntas-frecuentes\/\",\"name\":\"Preguntas frecuentes | Miel natural de Asturias, Er\u00eda de Valles. Sabor a tradici\u00f3n.\",\"isPartOf\":{\"@id\":\"https:\/\/eriadevalles.es\/fr\/#website\"},\"datePublished\":\"2024-01-19T12:20:57+00:00\",\"dateModified\":\"2025-03-19T10:03:46+00:00\",\"breadcrumb\":{\"@id\":\"https:\/\/eriadevalles.es\/fr\/preguntas-frecuentes\/#breadcrumb\"},\"inLanguage\":\"fr-FR\",\"potentialAction\":[{\"@type\":\"ReadAction\",\"target\":[\"https:\/\/eriadevalles.es\/fr\/preguntas-frecuentes\/\"]}]},{\"@type\":\"BreadcrumbList\",\"@id\":\"https:\/\/eriadevalles.es\/fr\/preguntas-frecuentes\/#breadcrumb\",\"itemListElement\":[{\"@type\":\"ListItem\",\"position\":1,\"name\":\"Portada\",\"item\":\"https:\/\/eriadevalles.es\/fr\/\"},{\"@type\":\"ListItem\",\"position\":2,\"name\":\"Preguntas frecuentes\"}]},{\"@type\":\"WebSite\",\"@id\":\"https:\/\/eriadevalles.es\/fr\/#website\",\"url\":\"https:\/\/eriadevalles.es\/fr\/\",\"name\":\"Miel natural de Asturias, Er\u00eda de Valles. Sabor a tradici\u00f3n.\",\"description\":\"Tienda Online para comprar Miel Natural 100% artesana. Variedad de mieles procedentes de colmenas emplazadas en Asturias y amparadas por el sello de garant\u00eda de calidad y origen Alimentos del Para\u00edso Natural, \u00fanica marca de calidad que garantiza la procedencia de la miel.\",\"publisher\":{\"@id\":\"https:\/\/eriadevalles.es\/fr\/#organization\"},\"potentialAction\":[{\"@type\":\"SearchAction\",\"target\":{\"@type\":\"EntryPoint\",\"urlTemplate\":\"https:\/\/eriadevalles.es\/fr\/?s={search_term_string}\"},\"query-input\":{\"@type\":\"PropertyValueSpecification\",\"valueRequired\":true,\"valueName\":\"search_term_string\"}}],\"inLanguage\":\"fr-FR\"},{\"@type\":\"Organization\",\"@id\":\"https:\/\/eriadevalles.es\/fr\/#organization\",\"name\":\"Er\u00eda de Valles\",\"url\":\"https:\/\/eriadevalles.es\/fr\/\",\"logo\":{\"@type\":\"ImageObject\",\"inLanguage\":\"fr-FR\",\"@id\":\"https:\/\/eriadevalles.es\/fr\/#\/schema\/logo\/image\/\",\"url\":\"https:\/\/eriadevalles.es\/wp-content\/uploads\/2020\/06\/logo-eria-de-valles.jpg\",\"contentUrl\":\"https:\/\/eriadevalles.es\/wp-content\/uploads\/2020\/06\/logo-eria-de-valles.jpg\",\"width\":200,\"height\":120,\"caption\":\"Er\u00eda de Valles\"},\"image\":{\"@id\":\"https:\/\/eriadevalles.es\/fr\/#\/schema\/logo\/image\/\"},\"sameAs\":[\"https:\/\/es-es.facebook.com\/mieleriadevalles\/\",\"https:\/\/x.com\/eriadevalles\",\"https:\/\/www.instagram.com\/eriadevalles\/\"]}]}<\/script>\n<!-- \/ Yoast SEO plugin. -->","yoast_head_json":{"title":"Preguntas frecuentes | Miel natural de Asturias, Er\u00eda de Valles. Sabor a tradici\u00f3n.","robots":{"index":"index","follow":"follow","max-snippet":"max-snippet:-1","max-image-preview":"max-image-preview:large","max-video-preview":"max-video-preview:-1"},"canonical":"https:\/\/eriadevalles.es\/fr\/preguntas-frecuentes\/","og_locale":"fr_FR","og_type":"article","og_title":"Preguntas frecuentes | Miel natural de Asturias, Er\u00eda de Valles. Sabor a tradici\u00f3n.","og_description":"[vc_row type=\u00a0\u00bbboxed\u00a0\u00bb css=\u00a0\u00bb.vc_custom_1596584089738{margin-right: 1% !important;margin-left: 1% !important;}\u00a0\u00bb][vc_column][vc_empty_space height=\u00a0\u00bb60px\u00a0\u00bb][vc_column_text] Er\u00eda de Valles Questions fr\u00e9quemment pos\u00e9es &#8211; Produit 1. Le produit est-il vraiment naturel ? Le produit est-il artisanal ? Le miel est un produit 100% naturel, car il ne subit aucune transformation. Le processus d&rsquo;extraction du miel r\u00e9alis\u00e9 dans nos installations implique de faire passer le &hellip;","og_url":"https:\/\/eriadevalles.es\/fr\/preguntas-frecuentes\/","og_site_name":"Miel natural de Asturias, Er\u00eda de Valles. Sabor a tradici\u00f3n.","article_publisher":"https:\/\/es-es.facebook.com\/mieleriadevalles\/","article_modified_time":"2025-03-19T10:03:46+00:00","twitter_card":"summary_large_image","twitter_site":"@eriadevalles","schema":{"@context":"https:\/\/schema.org","@graph":[{"@type":"WebPage","@id":"https:\/\/eriadevalles.es\/fr\/preguntas-frecuentes\/","url":"https:\/\/eriadevalles.es\/fr\/preguntas-frecuentes\/","name":"Preguntas frecuentes | Miel natural de Asturias, Er\u00eda de Valles. Sabor a tradici\u00f3n.","isPartOf":{"@id":"https:\/\/eriadevalles.es\/fr\/#website"},"datePublished":"2024-01-19T12:20:57+00:00","dateModified":"2025-03-19T10:03:46+00:00","breadcrumb":{"@id":"https:\/\/eriadevalles.es\/fr\/preguntas-frecuentes\/#breadcrumb"},"inLanguage":"fr-FR","potentialAction":[{"@type":"ReadAction","target":["https:\/\/eriadevalles.es\/fr\/preguntas-frecuentes\/"]}]},{"@type":"BreadcrumbList","@id":"https:\/\/eriadevalles.es\/fr\/preguntas-frecuentes\/#breadcrumb","itemListElement":[{"@type":"ListItem","position":1,"name":"Portada","item":"https:\/\/eriadevalles.es\/fr\/"},{"@type":"ListItem","position":2,"name":"Preguntas frecuentes"}]},{"@type":"WebSite","@id":"https:\/\/eriadevalles.es\/fr\/#website","url":"https:\/\/eriadevalles.es\/fr\/","name":"Miel natural de Asturias, Er\u00eda de Valles. Sabor a tradici\u00f3n.","description":"Tienda Online para comprar Miel Natural 100% artesana. Variedad de mieles procedentes de colmenas emplazadas en Asturias y amparadas por el sello de garant\u00eda de calidad y origen Alimentos del Para\u00edso Natural, \u00fanica marca de calidad que garantiza la procedencia de la miel.","publisher":{"@id":"https:\/\/eriadevalles.es\/fr\/#organization"},"potentialAction":[{"@type":"SearchAction","target":{"@type":"EntryPoint","urlTemplate":"https:\/\/eriadevalles.es\/fr\/?s={search_term_string}"},"query-input":{"@type":"PropertyValueSpecification","valueRequired":true,"valueName":"search_term_string"}}],"inLanguage":"fr-FR"},{"@type":"Organization","@id":"https:\/\/eriadevalles.es\/fr\/#organization","name":"Er\u00eda de Valles","url":"https:\/\/eriadevalles.es\/fr\/","logo":{"@type":"ImageObject","inLanguage":"fr-FR","@id":"https:\/\/eriadevalles.es\/fr\/#\/schema\/logo\/image\/","url":"https:\/\/eriadevalles.es\/wp-content\/uploads\/2020\/06\/logo-eria-de-valles.jpg","contentUrl":"https:\/\/eriadevalles.es\/wp-content\/uploads\/2020\/06\/logo-eria-de-valles.jpg","width":200,"height":120,"caption":"Er\u00eda de Valles"},"image":{"@id":"https:\/\/eriadevalles.es\/fr\/#\/schema\/logo\/image\/"},"sameAs":["https:\/\/es-es.facebook.com\/mieleriadevalles\/","https:\/\/x.com\/eriadevalles","https:\/\/www.instagram.com\/eriadevalles\/"]}]}},"_links":{"self":[{"href":"https:\/\/eriadevalles.es\/fr\/wp-json\/wp\/v2\/pages\/3903","targetHints":{"allow":["GET"]}}],"collection":[{"href":"https:\/\/eriadevalles.es\/fr\/wp-json\/wp\/v2\/pages"}],"about":[{"href":"https:\/\/eriadevalles.es\/fr\/wp-json\/wp\/v2\/types\/page"}],"author":[{"embeddable":true,"href":"https:\/\/eriadevalles.es\/fr\/wp-json\/wp\/v2\/users\/5"}],"replies":[{"embeddable":true,"href":"https:\/\/eriadevalles.es\/fr\/wp-json\/wp\/v2\/comments?post=3903"}],"version-history":[{"count":0,"href":"https:\/\/eriadevalles.es\/fr\/wp-json\/wp\/v2\/pages\/3903\/revisions"}],"wp:attachment":[{"href":"https:\/\/eriadevalles.es\/fr\/wp-json\/wp\/v2\/media?parent=3903"}],"curies":[{"name":"wp","href":"https:\/\/api.w.org\/{rel}","templated":true}]}}