{"id":3744,"date":"2015-08-11T20:30:57","date_gmt":"2015-08-11T18:30:57","guid":{"rendered":"https:\/\/eriadevalles.es\/?post_type=product&#038;p=3744"},"modified":"2025-07-16T15:05:11","modified_gmt":"2025-07-16T13:05:11","slug":"chestnut-honey","status":"publish","type":"product","link":"https:\/\/eriadevalles.es\/en\/producto\/chestnut-honey\/","title":{"rendered":"Chestnut honey"},"content":{"rendered":"<div class=\"wpb-content-wrapper\">[vc_section][vc_row type=&#8221;boxed&#8221; content_placement=&#8221;top&#8221; css=&#8221;.vc_custom_1596214945921{border-top-width: 1px !important;border-top-color: #eeeeee !important;border-top-style: solid !important;}&#8221;][vc_column][vc_empty_space][vc_single_image image=&#8221;1655&#8243; img_size=&#8221;full&#8221; alignment=&#8221;center&#8221;][vc_empty_space height=&#8221;10px&#8221;][vc_column_text el_class=&#8221;piefoto&#8221;]<span lang=\"en-US\">Chestnut honey relies on a successful chestnut flowering. The Cantabrian region, especially Asturias, served as a key climate refuge for chestnut trees over 20,000 years ago<\/span>[\/vc_column_text][vc_empty_space][vc_custom_heading text=&#8221;Chestnut honey&#8221; font_container=&#8221;tag:h3|text_align:left&#8221; use_theme_fonts=&#8221;yes&#8221;][vc_empty_space height=&#8221;15px&#8221;][vc_column_text]Chestnut Natural honey is produced in the central area of Asturias, between the months of June and July. It is collected in July.[\/vc_column_text][vc_empty_space][\/vc_column][\/vc_row][\/vc_section][vc_section][vc_row type=&#8221;boxed&#8221; equal_height=&#8221;yes&#8221;][vc_column width=&#8221;1\/2&#8243;][vc_row_inner][vc_column_inner][\/vc_column_inner][\/vc_row_inner][vc_column_text css=&#8221;.vc_custom_1752671065214{padding-right: 5% !important;}&#8221;]<span style=\"color: #a3a3a3; font-weight: 200;\"><em>Chestnut honey has anti-inflammatory, antioxidant, sedative, and regenerative properties, and is excellent as a restorative.<\/em><\/span>[\/vc_column_text][vc_empty_space][vc_column_text]<span style=\"color: #dc9814;\">COLOUR<\/span><br \/>\nAmber[\/vc_column_text][vc_separator el_class=&#8221;linesproduct&#8221;][vc_column_text]<span style=\"color: #dc9814;\">SCENT<br \/>\n<\/span>Floral with woody component.[\/vc_column_text][vc_separator el_class=&#8221;linesproduct&#8221;][vc_column_text]<span style=\"color: #dc9814;\">TASTE<br \/>\n<\/span> Sweet with salty and sour notes. [\/vc_column_text][vc_column_text]<span style=\"color: #dc9814;\">FEEL<br \/>\n<\/span>Slow crystallization. [\/vc_column_text][vc_empty_space height=&#8221;30px&#8221;][vc_row_inner type=&#8221;boxed&#8221; css=&#8221;.vc_custom_1596557729665{margin-right: 5px !important;margin-left: 5px !important;border-top-width: 1px !important;border-right-width: 1px !important;border-bottom-width: 1px !important;border-left-width: 1px !important;border-left-color: #ffd923 !important;border-left-style: solid !important;border-right-color: #ffd923 !important;border-right-style: solid !important;border-top-color: #ffd923 !important;border-top-style: solid !important;border-bottom-color: #ffd923 !important;border-bottom-style: solid !important;}&#8221;][vc_column_inner][vc_empty_space height=&#8221;10px&#8221;]\r\n\t\t\t<div class=\"nm-feature layout-icon_left icon-style-simple bottom-spacing-none\"><div class=\"nm-feature-icon\"><i class=\"pe-7s-ribbon\" style=\"color: #483627;\"><\/i><\/div>\r\n\t\t\t\t<div class=\"nm-feature-content\">\r\n\t\t\t\t\t<div class=\"wpb_text_column\"><p class=\"footersizetext\">Crystallized honey is a sign of its quality. To decrystallize, gently heat it below 45\u00ba to avoid damaging its properties. The ideal storage for honey is at room temperature, in a cool and dry location<\/p>\n<\/div>\r\n\t\t\t\t<\/div>\r\n\t\t\t<\/div>[vc_empty_space height=&#8221;20px&#8221;][\/vc_column_inner][\/vc_row_inner][vc_empty_space height=&#8221;50px&#8221;][vc_separator el_class=&#8221;linesproduct&#8221;][vc_column_text]\n<h5><span style=\"color: #483627; font-family: Montserrat,sans-serif;\">GASTRONOMIC USES:<\/span><\/h5>\n<p>This honey is a good pairs for salads and legumes. It also pairs very well with meats. [\/vc_column_text][vc_empty_space][\/vc_column][vc_column width=&#8221;1\/2&#8243;][vc_row_inner][vc_column_inner width=&#8221;1\/2&#8243; offset=&#8221;vc_hidden-sm vc_hidden-xs&#8221;][vc_empty_space][\/vc_column_inner][vc_column_inner width=&#8221;1\/2&#8243;][vc_single_image image=&#8221;1625&#8243; img_size=&#8221;102&#215;160&#8243; alignment=&#8221;center&#8221;][\/vc_column_inner][\/vc_row_inner][vc_empty_space][vc_row_inner][vc_column_inner width=&#8221;1\/2&#8243; offset=&#8221;vc_hidden-sm vc_hidden-xs&#8221;][vc_empty_space][\/vc_column_inner][vc_column_inner width=&#8221;1\/2&#8243; css=&#8221;.vc_custom_1596552240324{padding-top: 6% !important;padding-right: 2% !important;padding-bottom: 6% !important;padding-left: 2% !important;background-color: #eeeeee !important;}&#8221;][vc_separator el_class=&#8221;linesproduct&#8221;][vc_column_text]\n<p style=\"text-align: center;\"><span style=\"color: #dc9814; text-transform: uppercase;\">Summer Harvested Honey<\/span><\/p>\n<p style=\"text-align: center;\">From the second half of July<br \/>\nto the end of August.<\/p>\n[\/vc_column_text][\/vc_column_inner][\/vc_row_inner][vc_empty_space][vc_row_inner css=&#8221;.vc_custom_1596559799474{margin-bottom: 0px !important;padding-bottom: 0px !important;}&#8221;][vc_column_inner width=&#8221;1\/2&#8243; offset=&#8221;vc_hidden-sm vc_hidden-xs&#8221;][\/vc_column_inner][vc_column_inner width=&#8221;1\/2&#8243; css=&#8221;.vc_custom_1596559899411{margin-bottom: 0px !important;padding-top: 6% !important;padding-right: 6% !important;padding-bottom: 0px !important;padding-left: 6% !important;background-color: #eeeeee !important;background-position: center !important;background-repeat: no-repeat !important;background-size: contain !important;}&#8221;][vc_column_text]\n<p style=\"text-align: center;\"><span style=\"color: #777777;\">Our honeys are certified by the <\/span><br \/>\n<span style=\"color: #777777;\">PGI honey of Asturias<\/span><br \/>\n<span style=\"color: #777777;\">and covered by the quality brand<\/span><br \/>\n<span style=\"color: #dc9814;\">ALIMENTOS DEL<\/span><br \/>\n<span style=\"color: #dc9814;\">PARAISO NATURAL<\/span><br \/>\n<span style=\"color: #777777;\">which guarantees the quality and origin of the honey.<\/span><\/p>\n[\/vc_column_text][vc_empty_space][vc_single_image image=&#8221;1674&#8243; img_size=&#8221;full&#8221; alignment=&#8221;center&#8221;][\/vc_column_inner][\/vc_row_inner][vc_row_inner css=&#8221;.vc_custom_1596559960565{margin-top: 0px !important;margin-bottom: 0px !important;padding-top: 0px !important;padding-bottom: 0px !important;}&#8221;][vc_column_inner width=&#8221;1\/2&#8243; css=&#8221;.vc_custom_1596560034134{margin-top: 0px !important;margin-bottom: 0px !important;border-top-width: 0px !important;padding-top: 0px !important;padding-bottom: 0px !important;}&#8221; offset=&#8221;vc_hidden-sm vc_hidden-xs&#8221;][\/vc_column_inner][vc_column_inner width=&#8221;1\/2&#8243; css=&#8221;.vc_custom_1596560760852{margin-top: 0px !important;padding-top: 0px !important;padding-right: 6% !important;padding-bottom: 6% !important;padding-left: 6% !important;background-color: #ffd923 !important;background-position: center !important;background-repeat: no-repeat !important;background-size: contain !important;}&#8221;][vc_single_image image=&#8221;1676&#8243; img_size=&#8221;full&#8221; alignment=&#8221;center&#8221;][\/vc_column_inner][\/vc_row_inner][\/vc_column][\/vc_row][\/vc_section]\n<\/div>","protected":false},"excerpt":{"rendered":"<p>Chestnut Natural honey is produced in the central area of Asturias, between the months of June and July. It is collected in July.<\/p>\n","protected":false},"featured_media":3565,"comment_status":"open","ping_status":"closed","template":"","meta":{"_joinchat":[]},"product_brand":[],"product_cat":[106],"product_tag":[133,126,130,127],"class_list":{"0":"post-3744","1":"product","2":"type-product","3":"status-publish","4":"has-post-thumbnail","6":"product_cat-natural-honey","7":"product_tag-dark-honey","8":"product_tag-meat-pairing","9":"product_tag-monofloral-honey","10":"product_tag-salad-pairing","12":"first","13":"outofstock","14":"taxable","15":"shipping-taxable","16":"product-type-simple"},"yoast_head":"<!-- This site is optimized with the Yoast SEO plugin v26.8 - https:\/\/yoast.com\/product\/yoast-seo-wordpress\/ -->\n<title>Chestnut honey | Miel natural de Asturias, Er\u00eda de Valles. Sabor a tradici\u00f3n.<\/title>\n<meta name=\"robots\" content=\"index, follow, max-snippet:-1, max-image-preview:large, max-video-preview:-1\" \/>\n<link rel=\"canonical\" href=\"https:\/\/eriadevalles.es\/en\/producto\/chestnut-honey\/\" \/>\n<meta property=\"og:locale\" content=\"en_US\" \/>\n<meta property=\"og:type\" content=\"article\" \/>\n<meta property=\"og:title\" content=\"Chestnut honey | Miel natural de Asturias, Er\u00eda de Valles. Sabor a tradici\u00f3n.\" \/>\n<meta property=\"og:description\" content=\"Chestnut Natural honey is produced in the central area of Asturias, between the months of June and July. It is collected in July.\" \/>\n<meta property=\"og:url\" content=\"https:\/\/eriadevalles.es\/en\/producto\/chestnut-honey\/\" \/>\n<meta property=\"og:site_name\" content=\"Miel natural de Asturias, Er\u00eda de Valles. Sabor a tradici\u00f3n.\" \/>\n<meta property=\"article:publisher\" content=\"https:\/\/es-es.facebook.com\/mieleriadevalles\/\" \/>\n<meta property=\"article:modified_time\" content=\"2025-07-16T13:05:11+00:00\" \/>\n<meta property=\"og:image\" content=\"https:\/\/eriadevalles.es\/wp-content\/uploads\/2015\/08\/miel-de-castano-750g-awards.jpg\" \/>\n\t<meta property=\"og:image:width\" content=\"1032\" \/>\n\t<meta property=\"og:image:height\" content=\"1280\" \/>\n\t<meta property=\"og:image:type\" content=\"image\/jpeg\" \/>\n<meta name=\"twitter:card\" content=\"summary_large_image\" \/>\n<meta name=\"twitter:site\" content=\"@eriadevalles\" \/>\n<meta name=\"twitter:label1\" content=\"Est. reading time\" \/>\n\t<meta name=\"twitter:data1\" content=\"3 minutes\" \/>\n<script type=\"application\/ld+json\" class=\"yoast-schema-graph\">{\"@context\":\"https:\/\/schema.org\",\"@graph\":[{\"@type\":\"WebPage\",\"@id\":\"https:\/\/eriadevalles.es\/en\/producto\/chestnut-honey\/\",\"url\":\"https:\/\/eriadevalles.es\/en\/producto\/chestnut-honey\/\",\"name\":\"Chestnut honey | Miel natural de Asturias, Er\u00eda de Valles. Sabor a tradici\u00f3n.\",\"isPartOf\":{\"@id\":\"https:\/\/eriadevalles.es\/en\/#website\"},\"primaryImageOfPage\":{\"@id\":\"https:\/\/eriadevalles.es\/en\/producto\/chestnut-honey\/#primaryimage\"},\"image\":{\"@id\":\"https:\/\/eriadevalles.es\/en\/producto\/chestnut-honey\/#primaryimage\"},\"thumbnailUrl\":\"https:\/\/eriadevalles.es\/wp-content\/uploads\/2015\/08\/miel-de-castano-750g-awards.jpg\",\"datePublished\":\"2015-08-11T18:30:57+00:00\",\"dateModified\":\"2025-07-16T13:05:11+00:00\",\"breadcrumb\":{\"@id\":\"https:\/\/eriadevalles.es\/en\/producto\/chestnut-honey\/#breadcrumb\"},\"inLanguage\":\"en-US\",\"potentialAction\":[{\"@type\":\"ReadAction\",\"target\":[\"https:\/\/eriadevalles.es\/en\/producto\/chestnut-honey\/\"]}]},{\"@type\":\"ImageObject\",\"inLanguage\":\"en-US\",\"@id\":\"https:\/\/eriadevalles.es\/en\/producto\/chestnut-honey\/#primaryimage\",\"url\":\"https:\/\/eriadevalles.es\/wp-content\/uploads\/2015\/08\/miel-de-castano-750g-awards.jpg\",\"contentUrl\":\"https:\/\/eriadevalles.es\/wp-content\/uploads\/2015\/08\/miel-de-castano-750g-awards.jpg\",\"width\":1032,\"height\":1280},{\"@type\":\"BreadcrumbList\",\"@id\":\"https:\/\/eriadevalles.es\/en\/producto\/chestnut-honey\/#breadcrumb\",\"itemListElement\":[{\"@type\":\"ListItem\",\"position\":1,\"name\":\"Portada\",\"item\":\"https:\/\/eriadevalles.es\/en\/\"},{\"@type\":\"ListItem\",\"position\":2,\"name\":\"Home\",\"item\":\"https:\/\/eriadevalles.es\/en\/\"},{\"@type\":\"ListItem\",\"position\":3,\"name\":\"Chestnut honey\"}]},{\"@type\":\"WebSite\",\"@id\":\"https:\/\/eriadevalles.es\/en\/#website\",\"url\":\"https:\/\/eriadevalles.es\/en\/\",\"name\":\"Miel natural de Asturias, Er\u00eda de Valles. Sabor a tradici\u00f3n.\",\"description\":\"Tienda Online para comprar Miel Natural 100% artesana. Variedad de mieles procedentes de colmenas emplazadas en Asturias y amparadas por el sello de garant\u00eda de calidad y origen Alimentos del Para\u00edso Natural, \u00fanica marca de calidad que garantiza la procedencia de la miel.\",\"publisher\":{\"@id\":\"https:\/\/eriadevalles.es\/en\/#organization\"},\"potentialAction\":[{\"@type\":\"SearchAction\",\"target\":{\"@type\":\"EntryPoint\",\"urlTemplate\":\"https:\/\/eriadevalles.es\/en\/?s={search_term_string}\"},\"query-input\":{\"@type\":\"PropertyValueSpecification\",\"valueRequired\":true,\"valueName\":\"search_term_string\"}}],\"inLanguage\":\"en-US\"},{\"@type\":\"Organization\",\"@id\":\"https:\/\/eriadevalles.es\/en\/#organization\",\"name\":\"Er\u00eda de Valles\",\"url\":\"https:\/\/eriadevalles.es\/en\/\",\"logo\":{\"@type\":\"ImageObject\",\"inLanguage\":\"en-US\",\"@id\":\"https:\/\/eriadevalles.es\/en\/#\/schema\/logo\/image\/\",\"url\":\"https:\/\/eriadevalles.es\/wp-content\/uploads\/2020\/06\/logo-eria-de-valles.jpg\",\"contentUrl\":\"https:\/\/eriadevalles.es\/wp-content\/uploads\/2020\/06\/logo-eria-de-valles.jpg\",\"width\":200,\"height\":120,\"caption\":\"Er\u00eda de Valles\"},\"image\":{\"@id\":\"https:\/\/eriadevalles.es\/en\/#\/schema\/logo\/image\/\"},\"sameAs\":[\"https:\/\/es-es.facebook.com\/mieleriadevalles\/\",\"https:\/\/x.com\/eriadevalles\",\"https:\/\/www.instagram.com\/eriadevalles\/\"]}]}<\/script>\n<!-- \/ Yoast SEO plugin. -->","yoast_head_json":{"title":"Chestnut honey | Miel natural de Asturias, Er\u00eda de Valles. Sabor a tradici\u00f3n.","robots":{"index":"index","follow":"follow","max-snippet":"max-snippet:-1","max-image-preview":"max-image-preview:large","max-video-preview":"max-video-preview:-1"},"canonical":"https:\/\/eriadevalles.es\/en\/producto\/chestnut-honey\/","og_locale":"en_US","og_type":"article","og_title":"Chestnut honey | Miel natural de Asturias, Er\u00eda de Valles. Sabor a tradici\u00f3n.","og_description":"Chestnut Natural honey is produced in the central area of Asturias, between the months of June and July. It is collected in July.","og_url":"https:\/\/eriadevalles.es\/en\/producto\/chestnut-honey\/","og_site_name":"Miel natural de Asturias, Er\u00eda de Valles. Sabor a tradici\u00f3n.","article_publisher":"https:\/\/es-es.facebook.com\/mieleriadevalles\/","article_modified_time":"2025-07-16T13:05:11+00:00","og_image":[{"width":1032,"height":1280,"url":"https:\/\/eriadevalles.es\/wp-content\/uploads\/2015\/08\/miel-de-castano-750g-awards.jpg","type":"image\/jpeg"}],"twitter_card":"summary_large_image","twitter_site":"@eriadevalles","twitter_misc":{"Est. reading time":"3 minutes"},"schema":{"@context":"https:\/\/schema.org","@graph":[{"@type":"WebPage","@id":"https:\/\/eriadevalles.es\/en\/producto\/chestnut-honey\/","url":"https:\/\/eriadevalles.es\/en\/producto\/chestnut-honey\/","name":"Chestnut honey | Miel natural de Asturias, Er\u00eda de Valles. Sabor a tradici\u00f3n.","isPartOf":{"@id":"https:\/\/eriadevalles.es\/en\/#website"},"primaryImageOfPage":{"@id":"https:\/\/eriadevalles.es\/en\/producto\/chestnut-honey\/#primaryimage"},"image":{"@id":"https:\/\/eriadevalles.es\/en\/producto\/chestnut-honey\/#primaryimage"},"thumbnailUrl":"https:\/\/eriadevalles.es\/wp-content\/uploads\/2015\/08\/miel-de-castano-750g-awards.jpg","datePublished":"2015-08-11T18:30:57+00:00","dateModified":"2025-07-16T13:05:11+00:00","breadcrumb":{"@id":"https:\/\/eriadevalles.es\/en\/producto\/chestnut-honey\/#breadcrumb"},"inLanguage":"en-US","potentialAction":[{"@type":"ReadAction","target":["https:\/\/eriadevalles.es\/en\/producto\/chestnut-honey\/"]}]},{"@type":"ImageObject","inLanguage":"en-US","@id":"https:\/\/eriadevalles.es\/en\/producto\/chestnut-honey\/#primaryimage","url":"https:\/\/eriadevalles.es\/wp-content\/uploads\/2015\/08\/miel-de-castano-750g-awards.jpg","contentUrl":"https:\/\/eriadevalles.es\/wp-content\/uploads\/2015\/08\/miel-de-castano-750g-awards.jpg","width":1032,"height":1280},{"@type":"BreadcrumbList","@id":"https:\/\/eriadevalles.es\/en\/producto\/chestnut-honey\/#breadcrumb","itemListElement":[{"@type":"ListItem","position":1,"name":"Portada","item":"https:\/\/eriadevalles.es\/en\/"},{"@type":"ListItem","position":2,"name":"Home","item":"https:\/\/eriadevalles.es\/en\/"},{"@type":"ListItem","position":3,"name":"Chestnut honey"}]},{"@type":"WebSite","@id":"https:\/\/eriadevalles.es\/en\/#website","url":"https:\/\/eriadevalles.es\/en\/","name":"Miel natural de Asturias, Er\u00eda de Valles. Sabor a tradici\u00f3n.","description":"Tienda Online para comprar Miel Natural 100% artesana. Variedad de mieles procedentes de colmenas emplazadas en Asturias y amparadas por el sello de garant\u00eda de calidad y origen Alimentos del Para\u00edso Natural, \u00fanica marca de calidad que garantiza la procedencia de la miel.","publisher":{"@id":"https:\/\/eriadevalles.es\/en\/#organization"},"potentialAction":[{"@type":"SearchAction","target":{"@type":"EntryPoint","urlTemplate":"https:\/\/eriadevalles.es\/en\/?s={search_term_string}"},"query-input":{"@type":"PropertyValueSpecification","valueRequired":true,"valueName":"search_term_string"}}],"inLanguage":"en-US"},{"@type":"Organization","@id":"https:\/\/eriadevalles.es\/en\/#organization","name":"Er\u00eda de Valles","url":"https:\/\/eriadevalles.es\/en\/","logo":{"@type":"ImageObject","inLanguage":"en-US","@id":"https:\/\/eriadevalles.es\/en\/#\/schema\/logo\/image\/","url":"https:\/\/eriadevalles.es\/wp-content\/uploads\/2020\/06\/logo-eria-de-valles.jpg","contentUrl":"https:\/\/eriadevalles.es\/wp-content\/uploads\/2020\/06\/logo-eria-de-valles.jpg","width":200,"height":120,"caption":"Er\u00eda de Valles"},"image":{"@id":"https:\/\/eriadevalles.es\/en\/#\/schema\/logo\/image\/"},"sameAs":["https:\/\/es-es.facebook.com\/mieleriadevalles\/","https:\/\/x.com\/eriadevalles","https:\/\/www.instagram.com\/eriadevalles\/"]}]}},"_links":{"self":[{"href":"https:\/\/eriadevalles.es\/en\/wp-json\/wp\/v2\/product\/3744","targetHints":{"allow":["GET"]}}],"collection":[{"href":"https:\/\/eriadevalles.es\/en\/wp-json\/wp\/v2\/product"}],"about":[{"href":"https:\/\/eriadevalles.es\/en\/wp-json\/wp\/v2\/types\/product"}],"replies":[{"embeddable":true,"href":"https:\/\/eriadevalles.es\/en\/wp-json\/wp\/v2\/comments?post=3744"}],"wp:featuredmedia":[{"embeddable":true,"href":"https:\/\/eriadevalles.es\/en\/wp-json\/wp\/v2\/media\/3565"}],"wp:attachment":[{"href":"https:\/\/eriadevalles.es\/en\/wp-json\/wp\/v2\/media?parent=3744"}],"wp:term":[{"taxonomy":"product_brand","embeddable":true,"href":"https:\/\/eriadevalles.es\/en\/wp-json\/wp\/v2\/product_brand?post=3744"},{"taxonomy":"product_cat","embeddable":true,"href":"https:\/\/eriadevalles.es\/en\/wp-json\/wp\/v2\/product_cat?post=3744"},{"taxonomy":"product_tag","embeddable":true,"href":"https:\/\/eriadevalles.es\/en\/wp-json\/wp\/v2\/product_tag?post=3744"}],"curies":[{"name":"wp","href":"https:\/\/api.w.org\/{rel}","templated":true}]}}